{"id":250891,"date":"2024-11-05T11:26:24","date_gmt":"2024-11-05T11:26:24","guid":{"rendered":"https:\/\/viajandoconperro.com\/?page_id=250891"},"modified":"2025-10-25T09:54:04","modified_gmt":"2025-10-25T08:54:04","slug":"guia-de-liechtenstein-con-perro","status":"publish","type":"page","link":"https:\/\/viajandoconperro.com\/en\/guia-de-liechtenstein-con-perro\/","title":{"rendered":"Liechtenstein"},"content":{"rendered":"<p>[et_pb_section fb_built=&#8221;1&#8243; admin_label=&#8221;Header&#8221; _builder_version=&#8221;4.24.2&#8243; _module_preset=&#8221;default&#8221; use_background_color_gradient=&#8221;on&#8221; background_color_gradient_stops=&#8221;rgba(34,34,34,0) 0%|gcid-1f9b0bb3-481a-49f1-9fe6-999fc3c3182b 100%&#8221; background_color_gradient_overlays_image=&#8221;on&#8221; background_image=&#8221;http:\/\/viajandoconperro.com\/wp-content\/uploads\/2024\/11\/liechtenstein-sg5p47yjvjvlduns-1.webp&#8221; custom_padding=&#8221;146px||146px||true|false&#8221; locked=&#8221;off&#8221; collapsed=&#8221;on&#8221; global_colors_info=&#8221;{%22gcid-1f9b0bb3-481a-49f1-9fe6-999fc3c3182b%22:%91%22background_color_gradient_stops%22%93}&#8221;][et_pb_row _builder_version=&#8221;4.20.0&#8243; _module_preset=&#8221;default&#8221; global_colors_info=&#8221;{}&#8221;][et_pb_column type=&#8221;4_4&#8243; _builder_version=&#8221;4.20.0&#8243; _module_preset=&#8221;default&#8221; global_colors_info=&#8221;{}&#8221;][et_pb_text _builder_version=&#8221;4.24.2&#8243; _module_preset=&#8221;717fe1e6-b28d-4026-bced-193cb01f20ca&#8221; header_font=&#8221;Noto Serif|700||on|||||&#8221; header_text_color=&#8221;#FFFFFF&#8221; text_orientation=&#8221;center&#8221; custom_margin=&#8221;||10px||false|false&#8221; global_colors_info=&#8221;{}&#8221;]<\/p>\n<h1><span>LIECHTENSTEIN <\/span>CON PERRO<\/h1>\n<p>[\/et_pb_text][\/et_pb_column][\/et_pb_row][\/et_pb_section][et_pb_section fb_built=&#8221;1&#8243; admin_label=&#8221;Blog&#8221; _builder_version=&#8221;4.20.0&#8243; _module_preset=&#8221;default&#8221; min_height=&#8221;1712px&#8221; custom_margin=&#8221;2px|||||&#8221; collapsed=&#8221;on&#8221; global_colors_info=&#8221;{}&#8221;][et_pb_row _builder_version=&#8221;4.20.0&#8243; _module_preset=&#8221;default&#8221; custom_margin=&#8221;-24px|auto||auto||&#8221; global_colors_info=&#8221;{}&#8221;][et_pb_column type=&#8221;4_4&#8243; _builder_version=&#8221;4.20.0&#8243; _module_preset=&#8221;default&#8221; global_colors_info=&#8221;{}&#8221;][et_pb_text _builder_version=&#8221;4.24.2&#8243; _module_preset=&#8221;default&#8221; text_font_size=&#8221;23px&#8221; header_font=&#8221;Noto Serif||||||||&#8221; header_font_size=&#8221;36px&#8221; header_2_font=&#8221;Noto Serif|700|||||||&#8221; header_2_font_size=&#8221;35px&#8221; border_color_all=&#8221;#e02b20&#8243; border_width_bottom=&#8221;4px&#8221; global_colors_info=&#8221;{}&#8221;]<\/p>\n<h2 style=\"text-align: center;\"><strong>LIECHTENSTEIN CON PERRO: LA GU\u00cdA COMPLETA<\/strong><\/h2>\n<p>[\/et_pb_text][et_pb_text _builder_version=&#8221;4.24.2&#8243; _module_preset=&#8221;default&#8221; text_font=&#8221;Noto Sans||||||||&#8221; text_font_size=&#8221;17px&#8221; global_colors_info=&#8221;{}&#8221;]<\/p>\n<p style=\"text-align: justify;\"><span style=\"color: #000000;\"><strong>Liechtenstein,<\/strong><\/span> el sexto pa\u00eds m\u00e1s peque\u00f1o del mundo, es un destino encantador para quienes buscan disfrutar de la naturaleza alpina en todo su esplendor. Este pa\u00eds, enclavado entre Suiza y Austria, es conocido por sus paisajes monta\u00f1osos, sus castillos medievales y sus pintorescos pueblos.<\/p>\n<p style=\"text-align: justify;\">Pudimos visitarlo durante nuestro viaje a Suiza, ya que se encuentra a 1 hora de Z\u00farich, ciudad en la que dormimos durante nuestro viaje. Nos gust\u00f3 bastante m\u00e1s de lo esperado, ya que a pesar de ser un pa\u00eds peque\u00f1o, sus paisajes no dejan indiferentes a nadie.<\/p>\n<ul>\n<li style=\"text-align: justify;\"><a href=\"https:\/\/viajandoconperro.com\/en\/que-ver-en-liechtenstein-con-perro\/\" target=\"_blank\" rel=\"noopener\"><b>Qu\u00e9 ver en Liechtenstein con perro<\/b><\/a>: hemos creado un itinerario organizado\u00a0 para que pod\u00e1is aprovechar la visita al m\u00e1ximo. En \u00e9l encontrar\u00e9is mucha informaci\u00f3n \u00fatil sobre la ciudad. Esperamos que os guste much\u00edsimo y que nos dig\u00e1is si finalmente hab\u00e9is hecho el mismo recorrido.<\/li>\n<li style=\"text-align: justify;\"><strong>C\u00f3mo viajar a Liechtenstein con perro<\/strong>: requisitos de entrada, consejos pr\u00e1cticos, tanto si viaj\u00e1is desde la UE como si lo hac\u00e9is desde fuera.<\/li>\n<\/ul>\n<p style=\"text-align: justify;\">Si os gusta nuestro proyecto, recordad que pod\u00e9is ayudarnos enviando una <a href=\"https:\/\/ko-fi.com\/viajandoconperro\" target=\"_blank\" rel=\"noopener\"><strong>virtual treat<\/strong><\/a> a Snow o utilizar cualquiera de nuestros enlaces de afiliado.<\/p>\n<p><quillbot-extension-portal><\/quillbot-extension-portal><\/p>\n<p>[\/et_pb_text][et_pb_text _builder_version=&#8221;4.24.2&#8243; _module_preset=&#8221;default&#8221; text_font_size=&#8221;23px&#8221; header_font=&#8221;Noto Serif||||||||&#8221; header_font_size=&#8221;36px&#8221; border_width_bottom=&#8221;4px&#8221; border_color_bottom=&#8221;#e02b20&#8243; global_colors_info=&#8221;{}&#8221;]<\/p>\n<h1 style=\"text-align: center;\"><strong>POSTS DE LIECHTENSTEIN CON PERRO<\/strong><\/h1>\n<p>[\/et_pb_text][\/et_pb_column][\/et_pb_row][et_pb_row column_structure=&#8221;1_3,1_3,1_3&#8243; _builder_version=&#8221;4.21.0&#8243; custom_margin=&#8221;-35px|auto||auto||&#8221; custom_padding=&#8221;|||&#8221; global_colors_info=&#8221;{}&#8221;][et_pb_column type=&#8221;1_3&#8243; _builder_version=&#8221;4.16&#8243; use_background_color_gradient=&#8221;on&#8221; background_color_gradient_stops=&#8221;rgba(0,0,0,0) 60%|#000000 100%&#8221; background_color_gradient_start=&#8221;rgba(0,0,0,0)&#8221; background_color_gradient_start_position=&#8221;60%&#8221; background_color_gradient_end=&#8221;#000000&#8243; custom_padding=&#8221;|||&#8221; global_colors_info=&#8221;{}&#8221; custom_padding__hover=&#8221;|||&#8221;][et_pb_text admin_label=&#8221;Upcoming Trip&#8221; _builder_version=&#8221;4.24.2&#8243; text_font=&#8221;Noto Sans|700|||||||&#8221; text_font_size=&#8221;17px&#8221; link_font=&#8221;Noto Serif||||on|||#84b6f4|&#8221; link_text_color=&#8221;#ffffff&#8221; link_font_size=&#8221;30px&#8221; link_line_height=&#8221;1.5em&#8221; header_font=&#8221;||||||||&#8221; header_2_font=&#8221;||||||||&#8221; use_background_color_gradient=&#8221;on&#8221; background_color_gradient_stops=&#8221;rgba(0,0,0,0) 60%|#000000 100%&#8221; background_color_gradient_overlays_image=&#8221;on&#8221; background_color_gradient_start=&#8221;rgba(0,0,0,0)&#8221; background_color_gradient_start_position=&#8221;60%&#8221; background_color_gradient_end=&#8221;#000000&#8243; background_image=&#8221;http:\/\/viajandoconperro.com\/wp-content\/uploads\/2024\/11\/Street_Cafe_Vaduz_ExpatExplore-1.webp&#8221; background_position=&#8221;center_right&#8221; background_layout=&#8221;dark&#8221; custom_margin=&#8221;|||&#8221; custom_padding=&#8221;350px|25px|25px|25px&#8221; link_option_url=&#8221;https:\/\/viajandoconperro.com\/que-ver-en-liechtenstein-con-perro\/&#8221; link_option_url_new_window=&#8221;on&#8221; border_radii=&#8221;on|3px|3px|3px|3px&#8221; box_shadow_style=&#8221;preset1&#8243; box_shadow_vertical=&#8221;52px&#8221; box_shadow_blur=&#8221;80px&#8221; box_shadow_color=&#8221;rgba(0,36,73,0.07)&#8221; locked=&#8221;off&#8221; global_colors_info=&#8221;{}&#8221; background__hover_enabled=&#8221;on|desktop&#8221;]<\/p>\n<p style=\"text-align: center;\"><a href=\"https:\/\/viajandoconperro.com\/en\/que-ver-en-liechtenstein-con-perro\/\" target=\"_blank\" rel=\"noopener\">Itinerary<\/a><\/p>\n<p style=\"text-align: center;\">QU\u00c9 VER EN LIECHTENSTEIN CON PERRO<\/p>\n<p>[\/et_pb_text][\/et_pb_column][et_pb_column type=&#8221;1_3&#8243; _builder_version=&#8221;4.16&#8243; use_background_color_gradient=&#8221;on&#8221; background_color_gradient_stops=&#8221;rgba(0,0,0,0) 60%|#000000 100%&#8221; background_color_gradient_start=&#8221;rgba(0,0,0,0)&#8221; background_color_gradient_start_position=&#8221;60%&#8221; background_color_gradient_end=&#8221;#000000&#8243; custom_padding=&#8221;|||&#8221; global_colors_info=&#8221;{}&#8221; custom_padding__hover=&#8221;|||&#8221;][et_pb_text disabled_on=&#8221;on|on|on&#8221; admin_label=&#8221;Upcoming Trip&#8221; _builder_version=&#8221;4.24.2&#8243; text_font=&#8221;Noto Sans|700|||||||&#8221; text_font_size=&#8221;17px&#8221; link_font=&#8221;Noto Serif||||on|||#84b6f4|&#8221; link_text_color=&#8221;#ffffff&#8221; link_font_size=&#8221;30px&#8221; link_line_height=&#8221;1.5em&#8221; header_font=&#8221;||||||||&#8221; header_2_font=&#8221;||||||||&#8221; use_background_color_gradient=&#8221;on&#8221; background_color_gradient_stops=&#8221;rgba(0,0,0,0) 60%|#000000 100%&#8221; background_color_gradient_overlays_image=&#8221;on&#8221; background_color_gradient_start=&#8221;rgba(0,0,0,0)&#8221; background_color_gradient_start_position=&#8221;60%&#8221; background_color_gradient_end=&#8221;#000000&#8243; background_image=&#8221;http:\/\/viajandoconperro.com\/wp-content\/uploads\/2023\/07\/IMG_0354-1-scaled.webp&#8221; background_position=&#8221;bottom_center&#8221; background_layout=&#8221;dark&#8221; custom_margin=&#8221;|||&#8221; custom_padding=&#8221;350px|25px|25px|25px&#8221; link_option_url_new_window=&#8221;on&#8221; border_radii=&#8221;on|3px|3px|3px|3px&#8221; box_shadow_style=&#8221;preset1&#8243; box_shadow_vertical=&#8221;52px&#8221; box_shadow_blur=&#8221;80px&#8221; box_shadow_color=&#8221;rgba(0,36,73,0.07)&#8221; disabled=&#8221;on&#8221; global_colors_info=&#8221;{}&#8221; content__hover_enabled=&#8221;off|desktop&#8221; content__hover=&#8221;<\/p>\n<p style=\"%22text-align:\" center;%22><a href=\"\/en\/\"https:\/\/viajandoconperro.com\/los-5-mejores-tours-de-londres\/\"\/\" data-et-target-link=\"%22_blank%22\" rel=\"%22noopener%22\">Tours<\/a><\/p>\n<p style=\"%22text-align:\" center;%22>WHAT ARE THE BEST TOURS OF LONDON<\/p>\n<p>&#8221; background__hover_enabled=&#8221;on|desktop&#8221;]<\/p>\n<p style=\"text-align: center;\">Tours<\/p>\n<p style=\"text-align: center;\">MEJORES TOURS Y ACTIVIDADES DE BERL\u00cdN<\/p>\n<p>[\/et_pb_text][\/et_pb_column][et_pb_column type=&#8221;1_3&#8243; _builder_version=&#8221;4.16&#8243; use_background_color_gradient=&#8221;on&#8221; background_color_gradient_stops=&#8221;rgba(0,0,0,0) 60%|#000000 100%&#8221; background_color_gradient_start=&#8221;rgba(0,0,0,0)&#8221; background_color_gradient_start_position=&#8221;60%&#8221; background_color_gradient_end=&#8221;#000000&#8243; custom_padding=&#8221;|||&#8221; global_colors_info=&#8221;{}&#8221; custom_padding__hover=&#8221;|||&#8221;][et_pb_text disabled_on=&#8221;on|on|on&#8221; admin_label=&#8221;Upcoming Trip&#8221; _builder_version=&#8221;4.24.2&#8243; text_font=&#8221;Noto Sans|700|||||||&#8221; text_font_size=&#8221;17px&#8221; link_font=&#8221;Noto Serif||||on|||#84b6f4|&#8221; link_text_color=&#8221;#ffffff&#8221; link_font_size=&#8221;30px&#8221; link_line_height=&#8221;1.5em&#8221; header_font=&#8221;||||||||&#8221; header_2_font=&#8221;||||||||&#8221; use_background_color_gradient=&#8221;on&#8221; background_color_gradient_stops=&#8221;rgba(0,0,0,0) 60%|#000000 100%&#8221; background_color_gradient_overlays_image=&#8221;on&#8221; background_color_gradient_start=&#8221;rgba(0,0,0,0)&#8221; background_color_gradient_start_position=&#8221;60%&#8221; background_color_gradient_end=&#8221;#000000&#8243; background_image=&#8221;http:\/\/viajandoconperro.com\/wp-content\/uploads\/2023\/07\/park-central-times-square.webp&#8221; background_position=&#8221;center_right&#8221; background_layout=&#8221;dark&#8221; custom_margin=&#8221;|||&#8221; custom_padding=&#8221;350px|25px|25px|25px&#8221; border_radii=&#8221;on|3px|3px|3px|3px&#8221; box_shadow_style=&#8221;preset1&#8243; box_shadow_vertical=&#8221;52px&#8221; box_shadow_blur=&#8221;80px&#8221; box_shadow_color=&#8221;rgba(0,36,73,0.07)&#8221; disabled=&#8221;on&#8221; global_colors_info=&#8221;{}&#8221;]<\/p>\n<p style=\"text-align: center;\">Accommodation<\/p>\n<p style=\"text-align: center;\">QU\u00c9 ZONA ES MEJOR PARA DORMIR EN BERL\u00cdN<\/p>\n<p>[\/et_pb_text][\/et_pb_column][\/et_pb_row][et_pb_row _builder_version=&#8221;4.21.0&#8243; _module_preset=&#8221;default&#8221; global_colors_info=&#8221;{}&#8221;][et_pb_column type=&#8221;4_4&#8243; _builder_version=&#8221;4.21.0&#8243; _module_preset=&#8221;default&#8221; global_colors_info=&#8221;{}&#8221;][et_pb_text _builder_version=&#8221;4.24.2&#8243; _module_preset=&#8221;default&#8221; text_font=&#8221;Noto Serif||||||||&#8221; header_font=&#8221;Noto Serif||||||||&#8221; header_text_color=&#8221;#000000&#8243; header_font_size=&#8221;33px&#8221; header_line_height=&#8221;1.2em&#8221; header_2_font=&#8221;Noto Serif||||||||&#8221; header_2_text_align=&#8221;left&#8221; header_2_text_color=&#8221;#000000&#8243; header_2_font_size=&#8221;34px&#8221; header_2_line_height=&#8221;1.2em&#8221; header_3_font=&#8221;Bellefair||||||||&#8221; header_3_text_color=&#8221;#000000&#8243; header_3_font_size=&#8221;38px&#8221; header_3_line_height=&#8221;1.2em&#8221; header_4_font=&#8221;Bellefair||||||||&#8221; header_4_text_color=&#8221;#000000&#8243; header_4_font_size=&#8221;30px&#8221; header_4_line_height=&#8221;1.4em&#8221; header_5_font=&#8221;Bellefair||||||||&#8221; header_5_text_color=&#8221;#000000&#8243; header_5_font_size=&#8221;22px&#8221; header_5_line_height=&#8221;1.2em&#8221; header_6_font=&#8221;Montserrat|700||on|||||&#8221; header_6_text_color=&#8221;#ff4e00&#8243; header_6_font_size=&#8221;12px&#8221; header_6_letter_spacing=&#8221;2px&#8221; header_6_line_height=&#8221;1.2em&#8221; min_height=&#8221;47.8px&#8221; custom_margin=&#8221;-3px|||||&#8221; header_font_size_tablet=&#8221;42px&#8221; header_font_size_phone=&#8221;34px&#8221; header_font_size_last_edited=&#8221;on|tablet&#8221; header_2_font_size_tablet=&#8221;42px&#8221; header_2_font_size_phone=&#8221;34px&#8221; header_2_font_size_last_edited=&#8221;on|tablet&#8221; header_3_font_size_tablet=&#8221;34px&#8221; header_3_font_size_phone=&#8221;28px&#8221; header_3_font_size_last_edited=&#8221;on|phone&#8221; header_4_font_size_tablet=&#8221;22px&#8221; header_4_font_size_phone=&#8221;18px&#8221; header_4_font_size_last_edited=&#8221;on|phone&#8221; header_5_font_size_tablet=&#8221;22px&#8221; header_5_font_size_phone=&#8221;16px&#8221; header_5_font_size_last_edited=&#8221;on|tablet&#8221; border_color_all=&#8221;#84b6f4&#8243; border_width_bottom=&#8221;4px&#8221; locked=&#8221;off&#8221; global_colors_info=&#8221;{}&#8221;]<\/p>\n<h2 style=\"text-align: center;\"><strong>VIAJA SEGURO POR LIECHTENSTEIN<\/strong><\/h2>\n<p>[\/et_pb_text][et_pb_text _builder_version=&#8221;4.21.0&#8243; _module_preset=&#8221;default&#8221; text_font=&#8221;Noto Sans||||||||&#8221; text_font_size=&#8221;16px&#8221; min_height=&#8221;85.2px&#8221; custom_margin=&#8221;-15px||2px|||&#8221; custom_padding=&#8221;||0px|||&#8221; global_colors_info=&#8221;{}&#8221;]<\/p>\n<p style=\"text-align: justify;\">Remember that just for reading us and being part of this family, you get 5% on your travel insurance. We trust in <strong><a href=\"https:\/\/www.iatiseguros.com\/seguros-viaje\/21593\/seguro-viaje-iati-estandar?r=5239296668720\" target=\"_blank\" rel=\"noopener\">IATI Seguros<\/a><\/strong>, as they have one of the best prices on the market, very high coverage and, moreover, with <strong><a href=\"https:\/\/www.iatiseguros.com\/seguros-viaje\/21593\/seguro-viaje-iati-estandar?r=5239296668720\" target=\"_blank\" rel=\"noopener\">IATI Escapadas<\/a> <\/strong>you can include your pet in the insurance, which is essential for us.<\/p>\n<p>[\/et_pb_text][et_pb_image src=&#8221;http:\/\/viajandoconperro.com\/wp-content\/uploads\/2023\/07\/11_banner_-1110&#215;300-1.webp&#8221; alt=&#8221;seguros pet friendly&#8221; title_text=&#8221;11_banner_ 1110&#215;300&#8243; url=&#8221;https:\/\/www.iatiseguros.com\/seguros-viaje\/34012\/seguro-de-viaje-covid-19-coronavirus-iati-escapadas?r=52392966687202&#038;cmp=petfriendly&#8221; _builder_version=&#8221;4.21.0&#8243; _module_preset=&#8221;default&#8221; min_height=&#8221;283.9px&#8221; custom_margin=&#8221;30px|||||&#8221; locked=&#8221;off&#8221; global_colors_info=&#8221;{}&#8221;][\/et_pb_image][\/et_pb_column][\/et_pb_row][\/et_pb_section]<\/p>","protected":false},"excerpt":{"rendered":"<p>LIECHTENSTEIN CON PERROLIECHTENSTEIN CON PERRO: LA GU\u00cdA COMPLETALiechtenstein, el sexto pa\u00eds m\u00e1s peque\u00f1o del mundo, es un destino encantador para quienes buscan disfrutar de la naturaleza alpina en todo su esplendor. Este pa\u00eds, enclavado entre Suiza y Austria, es conocido por sus paisajes monta\u00f1osos, sus castillos medievales y sus pintorescos pueblos. Pudimos visitarlo durante nuestro [&hellip;]<\/p>","protected":false},"author":2,"featured_media":0,"parent":0,"menu_order":0,"comment_status":"closed","ping_status":"closed","template":"","meta":{"_et_pb_use_builder":"on","_et_pb_old_content":"","_et_gb_content_width":"","footnotes":""},"_links":{"self":[{"href":"https:\/\/viajandoconperro.com\/en\/wp-json\/wp\/v2\/pages\/250891"}],"collection":[{"href":"https:\/\/viajandoconperro.com\/en\/wp-json\/wp\/v2\/pages"}],"about":[{"href":"https:\/\/viajandoconperro.com\/en\/wp-json\/wp\/v2\/types\/page"}],"author":[{"embeddable":true,"href":"https:\/\/viajandoconperro.com\/en\/wp-json\/wp\/v2\/users\/2"}],"replies":[{"embeddable":true,"href":"https:\/\/viajandoconperro.com\/en\/wp-json\/wp\/v2\/comments?post=250891"}],"version-history":[{"count":13,"href":"https:\/\/viajandoconperro.com\/en\/wp-json\/wp\/v2\/pages\/250891\/revisions"}],"predecessor-version":[{"id":251766,"href":"https:\/\/viajandoconperro.com\/en\/wp-json\/wp\/v2\/pages\/250891\/revisions\/251766"}],"wp:attachment":[{"href":"https:\/\/viajandoconperro.com\/en\/wp-json\/wp\/v2\/media?parent=250891"}],"curies":[{"name":"wp","href":"https:\/\/api.w.org\/{rel}","templated":true}]}}