{"id":328,"date":"2023-05-31T10:44:39","date_gmt":"2023-05-31T09:44:39","guid":{"rendered":"https:\/\/viajandoconperro.com\/?page_id=328"},"modified":"2024-08-07T17:51:38","modified_gmt":"2024-08-07T16:51:38","slug":"politica-de-privacidad","status":"publish","type":"page","link":"https:\/\/viajandoconperro.com\/en\/politica-de-privacidad\/","title":{"rendered":"Privacy Policy"},"content":{"rendered":"<p>[et_pb_section fb_built=&#8221;1&#8243; admin_label=&#8221;Header&#8221; _builder_version=&#8221;4.20.0&#8243; _module_preset=&#8221;default&#8221; use_background_color_gradient=&#8221;on&#8221; background_color_gradient_stops=&#8221;rgba(34,34,34,0) 0%|gcid-1f9b0bb3-481a-49f1-9fe6-999fc3c3182b 100%&#8221; background_color_gradient_overlays_image=&#8221;on&#8221; background_image=&#8221;http:\/\/viajandoconperro.com\/wp-content\/uploads\/2023\/05\/city-27.jpg&#8221; custom_padding=&#8221;90px||90px||true|false&#8221; locked=&#8221;off&#8221; collapsed=&#8221;on&#8221; global_colors_info=&#8221;{%22gcid-1f9b0bb3-481a-49f1-9fe6-999fc3c3182b%22:%91%22background_color_gradient_stops%22%93}&#8221;][et_pb_row _builder_version=&#8221;4.20.0&#8243; _module_preset=&#8221;default&#8221; global_colors_info=&#8221;{}&#8221;][et_pb_column type=&#8221;4_4&#8243; _builder_version=&#8221;4.20.0&#8243; _module_preset=&#8221;default&#8221; global_colors_info=&#8221;{}&#8221;][et_pb_text _builder_version=&#8221;4.21.0&#8243; _module_preset=&#8221;717fe1e6-b28d-4026-bced-193cb01f20ca&#8221; header_text_color=&#8221;#FFFFFF&#8221; text_orientation=&#8221;center&#8221; custom_margin=&#8221;||10px||false|false&#8221; global_colors_info=&#8221;{}&#8221;]<\/p>\n<h1>POLITICA DE PRIVACIDAD<\/h1>\n<p><quillbot-extension-portal><\/quillbot-extension-portal><\/p>\n<p>[\/et_pb_text][\/et_pb_column][\/et_pb_row][\/et_pb_section][et_pb_section fb_built=&#8221;1&#8243; admin_label=&#8221;Blog&#8221; _builder_version=&#8221;4.20.0&#8243; _module_preset=&#8221;default&#8221; collapsed=&#8221;on&#8221; global_colors_info=&#8221;{}&#8221;][et_pb_row _builder_version=&#8221;4.20.0&#8243; _module_preset=&#8221;default&#8221; global_colors_info=&#8221;{}&#8221;][et_pb_column type=&#8221;4_4&#8243; _builder_version=&#8221;4.20.0&#8243; _module_preset=&#8221;default&#8221; global_colors_info=&#8221;{}&#8221;][et_pb_text _builder_version=&#8221;4.21.0&#8243; _module_preset=&#8221;default&#8221; text_font_size=&#8221;18px&#8221; text_line_height=&#8221;1.8em&#8221; global_colors_info=&#8221;{}&#8221;]<\/p>\n<h2>Pol\u00edtica de Privacidad de Viajando Con Perro<\/h2>\n<p>&nbsp;<\/p>\n<p>Esta Pol\u00edtica de Privacidad describe c\u00f3mo se recopila, utiliza y comparte la informaci\u00f3n personal de los usuarios del sitio web Viajandoconperro.com. Al utilizar nuestro sitio web, usted acepta los t\u00e9rminos y condiciones de esta pol\u00edtica de privacidad.<\/p>\n<ol>\n<li><strong>Informaci\u00f3n que recopilamos:<\/strong><\/li>\n<\/ol>\n<p>Recopilamos informaci\u00f3n personal de los usuarios de varias maneras, incluyendo:<\/p>\n<p>a) Informaci\u00f3n proporcionada por el usuario: Podemos solicitar cierta informaci\u00f3n personal, como su nombre, direcci\u00f3n de correo electr\u00f3nico y n\u00famero de tel\u00e9fono, cuando se registre en nuestro sitio web o realice una compra.<\/p>\n<p>b) Informaci\u00f3n recopilada autom\u00e1ticamente: Podemos recopilar informaci\u00f3n sobre su dispositivo y actividad en nuestro sitio web, como su direcci\u00f3n IP, tipo de navegador, p\u00e1ginas visitadas y ubicaci\u00f3n geogr\u00e1fica aproximada, a trav\u00e9s de tecnolog\u00edas de seguimiento automatizadas, como cookies.<\/p>\n<ol start=\"2\">\n<li><strong>Uso de la informaci\u00f3n recopilada:<\/strong><\/li>\n<\/ol>\n<p>Utilizamos la informaci\u00f3n personal recopilada para los siguientes fines:<\/p>\n<p>a) Procesar y completar sus solicitudes de reserva de servicios relacionados con viajes con perros.<\/p>\n<p>b) Enviarle actualizaciones, comunicaciones y promociones relacionadas con nuestros servicios.<\/p>\n<p>c) Mejorar y personalizar su experiencia en nuestro sitio web.<\/p>\n<ol start=\"3\">\n<li><strong>Compartir informaci\u00f3n con terceros:<\/strong><\/li>\n<\/ol>\n<p>No compartimos su informaci\u00f3n personal con terceros, excepto en las siguientes circunstancias:<\/p>\n<p>a) Proveedores de servicios: Podemos compartir su informaci\u00f3n con terceros que nos brindan servicios de procesamiento de pagos, an\u00e1lisis de datos y servicios de marketing en nuestro nombre.<\/p>\n<p>b) Cumplimiento legal: Podemos divulgar su informaci\u00f3n personal si creemos de buena fe que dicha divulgaci\u00f3n es necesaria para cumplir con una obligaci\u00f3n legal, proteger nuestros derechos legales o investigar una posible violaci\u00f3n de la ley.<\/p>\n<ol start=\"4\">\n<li><strong>Seguridad de la informaci\u00f3n:<\/strong><\/li>\n<\/ol>\n<p>Implementamos medidas de seguridad razonables para proteger la informaci\u00f3n personal contra p\u00e9rdida, uso indebido y acceso no autorizado. Sin embargo, tenga en cuenta que ninguna transmisi\u00f3n de datos por Internet es completamente segura y no podemos garantizar la seguridad absoluta de la informaci\u00f3n transmitida a trav\u00e9s de nuestro sitio web.<\/p>\n<ol start=\"5\">\n<li><strong>Enlaces a sitios web de terceros:<\/strong><\/li>\n<\/ol>\n<p>Nuestro sitio web puede contener enlaces a sitios web de terceros. No nos hacemos responsables de las pr\u00e1cticas de privacidad o el contenido de estos sitios web. Le recomendamos que revise las pol\u00edticas de privacidad de terceros antes de proporcionar cualquier informaci\u00f3n personal.<\/p>\n<ol start=\"6\">\n<li><strong>Cambios a esta pol\u00edtica de privacidad:<\/strong><\/li>\n<\/ol>\n<p>Podemos actualizar esta Pol\u00edtica de Privacidad de vez en cuando. Le notificaremos sobre cambios significativos mediante la publicaci\u00f3n de un aviso prominente en nuestro sitio web o envi\u00e1ndole una notificaci\u00f3n por correo electr\u00f3nico.<\/p>\n<ol start=\"7\">\n<li><strong>Contacto:<\/strong><\/li>\n<\/ol>\n<p>Si tiene alguna pregunta o inquietud sobre esta Pol\u00edtica de Privacidad o sobre nuestras pr\u00e1cticas de privacidad, puede ponerse en contacto con nosotros a trav\u00e9s de los datos de contacto proporcionados en nuestro sitio web.<\/p>\n<p>Fecha de entrada en vigor: 31 DE MAYO 2023<\/p>\n<p>Esta pol\u00edtica de privacidad es efectiva a partir de la fecha indicada anteriormente y se aplica a todos los usuarios de Viajandoconperro.com.<\/p>\n<p><span><\/span><\/p>\n<p><quillbot-extension-portal><\/quillbot-extension-portal><\/p>\n<p>[\/et_pb_text][\/et_pb_column][\/et_pb_row][\/et_pb_section]<\/p>","protected":false},"excerpt":{"rendered":"<p>POLITICA DE PRIVACIDAD Pol\u00edtica de Privacidad de Viajando Con Perro &nbsp; Esta Pol\u00edtica de Privacidad describe c\u00f3mo se recopila, utiliza y comparte la informaci\u00f3n personal de los usuarios del sitio web Viajandoconperro.com. Al utilizar nuestro sitio web, usted acepta los t\u00e9rminos y condiciones de esta pol\u00edtica de privacidad. Informaci\u00f3n que recopilamos: Recopilamos informaci\u00f3n personal de [&hellip;]<\/p>","protected":false},"author":1,"featured_media":0,"parent":0,"menu_order":0,"comment_status":"closed","ping_status":"closed","template":"","meta":{"_et_pb_use_builder":"on","_et_pb_old_content":"","_et_gb_content_width":"","footnotes":""},"_links":{"self":[{"href":"https:\/\/viajandoconperro.com\/en\/wp-json\/wp\/v2\/pages\/328"}],"collection":[{"href":"https:\/\/viajandoconperro.com\/en\/wp-json\/wp\/v2\/pages"}],"about":[{"href":"https:\/\/viajandoconperro.com\/en\/wp-json\/wp\/v2\/types\/page"}],"author":[{"embeddable":true,"href":"https:\/\/viajandoconperro.com\/en\/wp-json\/wp\/v2\/users\/1"}],"replies":[{"embeddable":true,"href":"https:\/\/viajandoconperro.com\/en\/wp-json\/wp\/v2\/comments?post=328"}],"version-history":[{"count":2,"href":"https:\/\/viajandoconperro.com\/en\/wp-json\/wp\/v2\/pages\/328\/revisions"}],"predecessor-version":[{"id":6706,"href":"https:\/\/viajandoconperro.com\/en\/wp-json\/wp\/v2\/pages\/328\/revisions\/6706"}],"wp:attachment":[{"href":"https:\/\/viajandoconperro.com\/en\/wp-json\/wp\/v2\/media?parent=328"}],"curies":[{"name":"wp","href":"https:\/\/api.w.org\/{rel}","templated":true}]}}