{"id":3386,"date":"2023-11-03T10:35:51","date_gmt":"2023-11-03T10:35:51","guid":{"rendered":"https:\/\/viajandoconperro.com\/?page_id=3386"},"modified":"2026-01-08T16:02:33","modified_gmt":"2026-01-08T16:02:33","slug":"murcia-con-perro","status":"publish","type":"page","link":"https:\/\/viajandoconperro.com\/en\/murcia-con-perro\/","title":{"rendered":"MURCIA CON PERRO"},"content":{"rendered":"<p>[et_pb_section fb_built=&#8221;1&#8243; admin_label=&#8221;Header&#8221; _builder_version=&#8221;4.21.0&#8243; _module_preset=&#8221;default&#8221; use_background_color_gradient=&#8221;on&#8221; background_color_gradient_stops=&#8221;rgba(34,34,34,0) 0%|gcid-1f9b0bb3-481a-49f1-9fe6-999fc3c3182b 100%&#8221; background_color_gradient_overlays_image=&#8221;on&#8221; background_image=&#8221;http:\/\/viajandoconperro.com\/wp-content\/uploads\/2023\/11\/aperturas_Murcia-1.webp&#8221; background_position=&#8221;top_center&#8221; custom_padding=&#8221;146px||146px||true|false&#8221; locked=&#8221;off&#8221; collapsed=&#8221;on&#8221; global_colors_info=&#8221;{%22gcid-1f9b0bb3-481a-49f1-9fe6-999fc3c3182b%22:%91%22background_color_gradient_stops%22%93}&#8221;][et_pb_row _builder_version=&#8221;4.20.0&#8243; _module_preset=&#8221;default&#8221; global_colors_info=&#8221;{}&#8221;][et_pb_column type=&#8221;4_4&#8243; _builder_version=&#8221;4.20.0&#8243; _module_preset=&#8221;default&#8221; global_colors_info=&#8221;{}&#8221;][et_pb_text _builder_version=&#8221;4.21.0&#8243; _module_preset=&#8221;717fe1e6-b28d-4026-bced-193cb01f20ca&#8221; header_font=&#8221;Noto Serif|700||on|||||&#8221; header_text_color=&#8221;#FFFFFF&#8221; text_orientation=&#8221;center&#8221; custom_margin=&#8221;||10px||false|false&#8221; global_colors_info=&#8221;{}&#8221;]<\/p>\n<h1>MURCIA CON PERRO<\/h1>\n<p>[\/et_pb_text][\/et_pb_column][\/et_pb_row][\/et_pb_section][et_pb_section fb_built=&#8221;1&#8243; admin_label=&#8221;Blog&#8221; _builder_version=&#8221;4.20.0&#8243; _module_preset=&#8221;default&#8221; min_height=&#8221;1712px&#8221; custom_margin=&#8221;2px|||||&#8221; collapsed=&#8221;on&#8221; global_colors_info=&#8221;{}&#8221;][et_pb_row _builder_version=&#8221;4.20.0&#8243; _module_preset=&#8221;default&#8221; custom_margin=&#8221;-24px|auto||auto||&#8221; global_colors_info=&#8221;{}&#8221;][et_pb_column type=&#8221;4_4&#8243; _builder_version=&#8221;4.20.0&#8243; _module_preset=&#8221;default&#8221; global_colors_info=&#8221;{}&#8221;][et_pb_text _builder_version=&#8221;4.21.0&#8243; _module_preset=&#8221;default&#8221; text_font_size=&#8221;23px&#8221; header_font=&#8221;Noto Serif||||||||&#8221; header_font_size=&#8221;36px&#8221; header_2_font=&#8221;Noto Serif|700|||||||&#8221; header_2_font_size=&#8221;35px&#8221; border_color_all=&#8221;#e02b20&#8243; border_width_bottom=&#8221;4px&#8221; global_colors_info=&#8221;{}&#8221;]<\/p>\n<h2 style=\"text-align: center;\"><strong>GU\u00cdA DE MURCIA CON PERRO: TODO LO QUE DEBES SABER<\/strong><\/h2>\n<p>[\/et_pb_text][et_pb_text _builder_version=&#8221;4.24.2&#8243; _module_preset=&#8221;default&#8221; text_font=&#8221;Noto Sans||||||||&#8221; text_font_size=&#8221;17px&#8221; hover_enabled=&#8221;0&#8243; global_colors_info=&#8221;{}&#8221; sticky_enabled=&#8221;0&#8243;]<\/p>\n<p style=\"text-align: justify;\">Snow estuvo en 2021 en Murcia, cuando ten\u00eda solo 5 meses y yo pas\u00e9 largas temporadas en Murcia, as\u00ed que vais a tener mucho contenido \u00fatil.<\/p>\n<p style=\"text-align: justify;\">Here you can find <span style=\"color: #000000;\"><strong>ALL<\/strong> <\/span>lo que necesitas saber de Murcia con perro: qu\u00e9 ver, d\u00f3nde dormir, d\u00f3nde comer, el transporte, las playas para perros de la regi\u00f3n, etc.<\/p>\n<p style=\"text-align: justify;\">We've put all our love into making this guide, so if you like it or find it useful, we'd be delighted if you'd let us know by sending us a message on <a href=\"https:\/\/www.instagram.com\/viajandoconperro\/\" target=\"_blank\" rel=\"noopener\"><strong>Instagram<\/strong><\/a>.<\/p>\n<p style=\"text-align: justify;\">Other places we would like to visit in Spain are <span style=\"color: #000000;\"><strong>Cantabria<\/strong><\/span>, <span style=\"color: #000000;\"><strong>Asturias<\/strong><\/span>\u00a0and <strong><span style=\"color: #000000;\">Alicante<\/span><\/strong>. But as we always say, we are two very humble people, with humble jobs, who can't afford many of the trips, so if you like the idea and the project we have in hand, remember that you can help us by sending Snow a <a href=\"https:\/\/ko-fi.com\/viajandoconperro\" target=\"_blank\" rel=\"noopener\"><strong>virtual treat<\/strong><\/a> , or booking any of the following activities using our affiliate links: <strong><a href=\"https:\/\/www.civitatis.com\/en\/?aid=102591\" target=\"_blank\" rel=\"noopener\">excursions<\/a><\/strong>, <a href=\"https:\/\/www.skyscanner.es\/?adgroupid=1027991&amp;associateid=AFF_TRA_19354_00001&amp;campaign_id=4347021&amp;click_timestamp=1694366908432&amp;irclickid=_nppyqt2ia9kfdzn3qocuxmistm2xbx0hqphumy3000&amp;irgwc=1&amp;previousCultureSource=GEO_LOCATION&amp;redirectedFrom=www.skyscanner.net&amp;utm_campaign=&amp;utm_content=OnlineTrackingLink&amp;utm_medium=affiliate&amp;utm_source=4347021-Viajandoconperro\" target=\"_blank\" rel=\"noopener\"><strong>flights<\/strong><\/a>, <a href=\"https:\/\/viajandoconperro.com\/en\/la-mejor-forma-de-guardar-tus-maletas\/\" target=\"_blank\" rel=\"noopener\"><strong>luggage storage<\/strong><\/a>, <strong><a href=\"https:\/\/www.iatiseguros.com\/seguros-viaje\/34012\/seguro-de-viaje-covid-19-coronavirus-iati-escapadas\/?r=52392966687202&amp;cmp=petfriendly\" target=\"_blank\" rel=\"noopener\">travel insurance<\/a><\/strong>, <a href=\"https:\/\/www.exactchange.es\/?IDO=CONPERRO\" target=\"_blank\" rel=\"noopener\"><strong>change money online<\/strong><\/a>, etc.<\/p>\n<p><quillbot-extension-portal><\/quillbot-extension-portal><\/p>\n<p>[\/et_pb_text][et_pb_text _builder_version=&#8221;4.21.0&#8243; _module_preset=&#8221;default&#8221; text_font_size=&#8221;23px&#8221; header_font=&#8221;Noto Serif||||||||&#8221; header_font_size=&#8221;36px&#8221; border_width_bottom=&#8221;4px&#8221; border_color_bottom=&#8221;#e02b20&#8243; global_colors_info=&#8221;{}&#8221;]<\/p>\n<h1 style=\"text-align: center;\"><strong>POSTS DE MURCIA CON PERRO + CONSEJOS<\/strong><\/h1>\n<p>[\/et_pb_text][\/et_pb_column][\/et_pb_row][et_pb_row column_structure=&#8221;1_3,1_3,1_3&#8243; _builder_version=&#8221;4.21.0&#8243; custom_margin=&#8221;-35px|auto||auto||&#8221; custom_padding=&#8221;|||&#8221; global_colors_info=&#8221;{}&#8221;][et_pb_column type=&#8221;1_3&#8243; _builder_version=&#8221;4.16&#8243; use_background_color_gradient=&#8221;on&#8221; background_color_gradient_stops=&#8221;rgba(0,0,0,0) 60%|#000000 100%&#8221; background_color_gradient_start=&#8221;rgba(0,0,0,0)&#8221; background_color_gradient_start_position=&#8221;60%&#8221; background_color_gradient_end=&#8221;#000000&#8243; custom_padding=&#8221;|||&#8221; global_colors_info=&#8221;{}&#8221; custom_padding__hover=&#8221;|||&#8221;][et_pb_text admin_label=&#8221;Upcoming Trip&#8221; _builder_version=&#8221;4.21.0&#8243; text_font=&#8221;Noto Sans|700|||||||&#8221; text_font_size=&#8221;17px&#8221; link_font=&#8221;Noto Serif||||on|||#84b6f4|&#8221; link_text_color=&#8221;#ffffff&#8221; link_font_size=&#8221;30px&#8221; link_line_height=&#8221;1.5em&#8221; header_font=&#8221;||||||||&#8221; header_2_font=&#8221;||||||||&#8221; use_background_color_gradient=&#8221;on&#8221; background_color_gradient_stops=&#8221;rgba(0,0,0,0) 60%|#000000 100%&#8221; background_color_gradient_overlays_image=&#8221;on&#8221; background_color_gradient_start=&#8221;rgba(0,0,0,0)&#8221; background_color_gradient_start_position=&#8221;60%&#8221; background_color_gradient_end=&#8221;#000000&#8243; background_image=&#8221;http:\/\/viajandoconperro.com\/wp-content\/uploads\/2023\/11\/Murcia_2022_-_West_facade_1-1.jpg&#8221; background_layout=&#8221;dark&#8221; custom_margin=&#8221;|||&#8221; custom_padding=&#8221;350px|25px|25px|25px&#8221; link_option_url=&#8221;https:\/\/viajandoconperro.com\/que-ver-en-murcia-con-perro\/&#8221; link_option_url_new_window=&#8221;on&#8221; border_radii=&#8221;on|3px|3px|3px|3px&#8221; box_shadow_style=&#8221;preset1&#8243; box_shadow_vertical=&#8221;52px&#8221; box_shadow_blur=&#8221;80px&#8221; box_shadow_color=&#8221;rgba(0,36,73,0.07)&#8221; locked=&#8221;off&#8221; global_colors_info=&#8221;{}&#8221; background__hover_enabled=&#8221;on|desktop&#8221;]<\/p>\n<p style=\"text-align: center;\"><a href=\"https:\/\/viajandoconperro.com\/en\/que-ver-en-murcia-con-perro\/\" target=\"_blank\" rel=\"noopener\">GUIDE<\/a><\/p>\n<p style=\"text-align: center;\">QU\u00c9 VER EN MURCIA CON PERRO<\/p>\n<p>[\/et_pb_text][\/et_pb_column][et_pb_column type=&#8221;1_3&#8243; _builder_version=&#8221;4.16&#8243; use_background_color_gradient=&#8221;on&#8221; background_color_gradient_stops=&#8221;rgba(0,0,0,0) 60%|#000000 100%&#8221; background_color_gradient_start=&#8221;rgba(0,0,0,0)&#8221; background_color_gradient_start_position=&#8221;60%&#8221; background_color_gradient_end=&#8221;#000000&#8243; custom_padding=&#8221;|||&#8221; global_colors_info=&#8221;{}&#8221; custom_padding__hover=&#8221;|||&#8221;][et_pb_text disabled_on=&#8221;off|off|off&#8221; admin_label=&#8221;Upcoming Trip&#8221; _builder_version=&#8221;4.21.0&#8243; text_font=&#8221;Noto Sans|700|||||||&#8221; text_font_size=&#8221;17px&#8221; link_font=&#8221;Noto Serif||||on|||#84b6f4|&#8221; link_text_color=&#8221;#ffffff&#8221; link_font_size=&#8221;30px&#8221; link_line_height=&#8221;1.5em&#8221; header_font=&#8221;||||||||&#8221; header_2_font=&#8221;||||||||&#8221; use_background_color_gradient=&#8221;on&#8221; background_color_gradient_stops=&#8221;rgba(0,0,0,0) 60%|#000000 100%&#8221; background_color_gradient_overlays_image=&#8221;on&#8221; background_color_gradient_start=&#8221;rgba(0,0,0,0)&#8221; background_color_gradient_start_position=&#8221;60%&#8221; background_color_gradient_end=&#8221;#000000&#8243; background_image=&#8221;http:\/\/viajandoconperro.com\/wp-content\/uploads\/2023\/11\/mobile_habitaciones_01_cabecera-copy.webp&#8221; background_position=&#8221;bottom_center&#8221; background_layout=&#8221;dark&#8221; custom_margin=&#8221;|||&#8221; custom_padding=&#8221;350px|25px|25px|25px&#8221; link_option_url=&#8221;https:\/\/viajandoconperro.com\/donde-dormir-en-murcia-con-perro\/&#8221; link_option_url_new_window=&#8221;on&#8221; border_radii=&#8221;on|3px|3px|3px|3px&#8221; box_shadow_style=&#8221;preset1&#8243; box_shadow_vertical=&#8221;52px&#8221; box_shadow_blur=&#8221;80px&#8221; box_shadow_color=&#8221;rgba(0,36,73,0.07)&#8221; global_colors_info=&#8221;{}&#8221; content__hover_enabled=&#8221;off|desktop&#8221; content__hover=&#8221;<\/p>\n<p style=\"%22text-align:\" center;%22><a href=\"\/en\/\"https:\/\/viajandoconperro.com\/los-5-mejores-tours-de-londres\/\"\/\" data-et-target-link=\"%22_blank%22\" rel=\"%22noopener%22\">Tours<\/a><\/p>\n<p style=\"%22text-align:\" center;%22>WHAT ARE THE BEST TOURS OF LONDON<\/p>\n<p>&#8221; background__hover_enabled=&#8221;on|desktop&#8221;]<\/p>\n<p style=\"text-align: center;\"><a href=\"https:\/\/viajandoconperro.com\/en\/donde-dormir-en-murcia-con-perro\/\" target=\"_blank\" rel=\"noopener\">Hotels<\/a><\/p>\n<p style=\"text-align: center;\">D\u00d3NDE DORMIR EN MURCIA CON TU PERRO<\/p>\n<p>[\/et_pb_text][\/et_pb_column][et_pb_column type=&#8221;1_3&#8243; _builder_version=&#8221;4.16&#8243; use_background_color_gradient=&#8221;on&#8221; background_color_gradient_stops=&#8221;rgba(0,0,0,0) 60%|#000000 100%&#8221; background_color_gradient_start=&#8221;rgba(0,0,0,0)&#8221; background_color_gradient_start_position=&#8221;60%&#8221; background_color_gradient_end=&#8221;#000000&#8243; custom_padding=&#8221;|||&#8221; global_colors_info=&#8221;{}&#8221; custom_padding__hover=&#8221;|||&#8221;][et_pb_text admin_label=&#8221;Upcoming Trip&#8221; _builder_version=&#8221;4.24.2&#8243; text_font=&#8221;Noto Sans|700|||||||&#8221; text_font_size=&#8221;17px&#8221; link_font=&#8221;Noto Serif||||on|||#84b6f4|&#8221; link_text_color=&#8221;#ffffff&#8221; link_font_size=&#8221;30px&#8221; link_line_height=&#8221;1.5em&#8221; header_font=&#8221;||||||||&#8221; header_2_font=&#8221;||||||||&#8221; use_background_color_gradient=&#8221;on&#8221; background_color_gradient_stops=&#8221;rgba(0,0,0,0) 60%|#000000 100%&#8221; background_color_gradient_overlays_image=&#8221;on&#8221; background_color_gradient_start=&#8221;rgba(0,0,0,0)&#8221; background_color_gradient_start_position=&#8221;60%&#8221; background_color_gradient_end=&#8221;#000000&#8243; background_image=&#8221;http:\/\/viajandoconperro.com\/wp-content\/uploads\/2023\/11\/murcia-ciudad-elle-gourmet-64dca3a7d1116-1-1.webp&#8221; background_position=&#8221;bottom_center&#8221; background_layout=&#8221;dark&#8221; custom_margin=&#8221;|||&#8221; custom_padding=&#8221;350px|25px|25px|25px&#8221; link_option_url=&#8221;https:\/\/viajandoconperro.com\/donde-comer-en-murcia-con-perro\/&#8221; link_option_url_new_window=&#8221;on&#8221; border_radii=&#8221;on|3px|3px|3px|3px&#8221; box_shadow_style=&#8221;preset1&#8243; box_shadow_vertical=&#8221;52px&#8221; box_shadow_blur=&#8221;80px&#8221; box_shadow_color=&#8221;rgba(0,36,73,0.07)&#8221; global_colors_info=&#8221;{}&#8221; background__hover_enabled=&#8221;on|desktop&#8221;]<\/p>\n<p style=\"text-align: center;\"><a href=\"https:\/\/viajandoconperro.com\/en\/donde-comer-en-murcia-con-perro\/\" target=\"_blank\" rel=\"noopener\">Restaurants<\/a><\/p>\n<p style=\"text-align: center;\">D\u00d3NDE COMER EN MURCIA CON TU PERRO<\/p>\n<p>[\/et_pb_text][\/et_pb_column][\/et_pb_row][et_pb_row column_structure=&#8221;1_3,1_3,1_3&#8243; disabled_on=&#8221;on|on|on&#8221; _builder_version=&#8221;4.21.0&#8243; custom_margin=&#8221;-35px|auto||auto||&#8221; custom_padding=&#8221;|||&#8221; disabled=&#8221;on&#8221; global_colors_info=&#8221;{}&#8221;][et_pb_column type=&#8221;1_3&#8243; _builder_version=&#8221;4.16&#8243; use_background_color_gradient=&#8221;on&#8221; background_color_gradient_stops=&#8221;rgba(0,0,0,0) 60%|#000000 100%&#8221; background_color_gradient_start=&#8221;rgba(0,0,0,0)&#8221; background_color_gradient_start_position=&#8221;60%&#8221; background_color_gradient_end=&#8221;#000000&#8243; custom_padding=&#8221;|||&#8221; global_colors_info=&#8221;{}&#8221; custom_padding__hover=&#8221;|||&#8221;][\/et_pb_column][et_pb_column type=&#8221;1_3&#8243; _builder_version=&#8221;4.16&#8243; use_background_color_gradient=&#8221;on&#8221; background_color_gradient_stops=&#8221;rgba(0,0,0,0) 60%|#000000 100%&#8221; background_color_gradient_start=&#8221;rgba(0,0,0,0)&#8221; background_color_gradient_start_position=&#8221;60%&#8221; background_color_gradient_end=&#8221;#000000&#8243; custom_padding=&#8221;|||&#8221; global_colors_info=&#8221;{}&#8221; custom_padding__hover=&#8221;|||&#8221;][et_pb_text disabled_on=&#8221;on|on|on&#8221; admin_label=&#8221;Upcoming Trip&#8221; _builder_version=&#8221;4.21.0&#8243; text_font=&#8221;Noto Sans|700|||||||&#8221; text_font_size=&#8221;17px&#8221; link_font=&#8221;Noto Serif||||on|||#84b6f4|&#8221; link_text_color=&#8221;#ffffff&#8221; link_font_size=&#8221;30px&#8221; link_line_height=&#8221;1.5em&#8221; header_font=&#8221;||||||||&#8221; header_2_font=&#8221;||||||||&#8221; use_background_color_gradient=&#8221;on&#8221; background_color_gradient_stops=&#8221;rgba(0,0,0,0) 60%|#000000 100%&#8221; background_color_gradient_overlays_image=&#8221;on&#8221; background_color_gradient_start=&#8221;rgba(0,0,0,0)&#8221; background_color_gradient_start_position=&#8221;60%&#8221; background_color_gradient_end=&#8221;#000000&#8243; background_image=&#8221;http:\/\/viajandoconperro.com\/wp-content\/uploads\/2023\/07\/IMG_0359-1-scaled.webp&#8221; background_position=&#8221;top_center&#8221; background_layout=&#8221;dark&#8221; custom_margin=&#8221;|||&#8221; custom_padding=&#8221;350px|25px|25px|25px&#8221; border_radii=&#8221;on|3px|3px|3px|3px&#8221; box_shadow_style=&#8221;preset1&#8243; box_shadow_vertical=&#8221;52px&#8221; box_shadow_blur=&#8221;80px&#8221; box_shadow_color=&#8221;rgba(0,36,73,0.07)&#8221; disabled=&#8221;on&#8221; global_colors_info=&#8221;{}&#8221;]<\/p>\n<p style=\"text-align: center;\"><a href=\"#top\">Viewpoints<\/a><\/p>\n<p style=\"text-align: center;\">WHICH IS BETTER, PRICES AND USEFUL TIPS<\/p>\n<p>[\/et_pb_text][\/et_pb_column][et_pb_column type=&#8221;1_3&#8243; _builder_version=&#8221;4.16&#8243; use_background_color_gradient=&#8221;on&#8221; background_color_gradient_stops=&#8221;rgba(0,0,0,0) 60%|#000000 100%&#8221; background_color_gradient_start=&#8221;rgba(0,0,0,0)&#8221; background_color_gradient_start_position=&#8221;60%&#8221; background_color_gradient_end=&#8221;#000000&#8243; custom_padding=&#8221;|||&#8221; global_colors_info=&#8221;{}&#8221; custom_padding__hover=&#8221;|||&#8221;][et_pb_text disabled_on=&#8221;on|on|on&#8221; admin_label=&#8221;Upcoming Trip&#8221; _builder_version=&#8221;4.21.0&#8243; text_font=&#8221;Noto Sans|700|||||||&#8221; text_font_size=&#8221;17px&#8221; link_font=&#8221;Noto Serif||||on|||#84b6f4|&#8221; link_text_color=&#8221;#ffffff&#8221; link_font_size=&#8221;30px&#8221; link_line_height=&#8221;1.5em&#8221; header_font=&#8221;||||||||&#8221; header_2_font=&#8221;||||||||&#8221; use_background_color_gradient=&#8221;on&#8221; background_color_gradient_stops=&#8221;rgba(0,0,0,0) 60%|#000000 100%&#8221; background_color_gradient_overlays_image=&#8221;on&#8221; background_color_gradient_start=&#8221;rgba(0,0,0,0)&#8221; background_color_gradient_start_position=&#8221;60%&#8221; background_color_gradient_end=&#8221;#000000&#8243; background_image=&#8221;http:\/\/viajandoconperro.com\/wp-content\/uploads\/2023\/09\/transports-en-commun-lisbonne.webp&#8221; background_position=&#8221;top_center&#8221; background_layout=&#8221;dark&#8221; custom_margin=&#8221;|||&#8221; custom_padding=&#8221;350px|25px|25px|25px&#8221; border_radii=&#8221;on|3px|3px|3px|3px&#8221; box_shadow_style=&#8221;preset1&#8243; box_shadow_vertical=&#8221;52px&#8221; box_shadow_blur=&#8221;80px&#8221; box_shadow_color=&#8221;rgba(0,36,73,0.07)&#8221; disabled=&#8221;on&#8221; global_colors_info=&#8221;{}&#8221;]<\/p>\n<p style=\"text-align: center;\"><a href=\"#top\">Transport<\/a><\/p>\n<p style=\"text-align: center;\">C\u00d3MO MOVERSE POR ESPA\u00d1A CON TU PERRO<\/p>\n<p>[\/et_pb_text][\/et_pb_column][\/et_pb_row][et_pb_row _builder_version=&#8221;4.21.0&#8243; _module_preset=&#8221;default&#8221; global_colors_info=&#8221;{}&#8221;][et_pb_column type=&#8221;4_4&#8243; _builder_version=&#8221;4.21.0&#8243; _module_preset=&#8221;default&#8221; global_colors_info=&#8221;{}&#8221;][et_pb_text _builder_version=&#8221;4.21.0&#8243; _module_preset=&#8221;default&#8221; text_font=&#8221;Noto Serif||||||||&#8221; header_font=&#8221;Noto Serif||||||||&#8221; header_text_color=&#8221;#000000&#8243; header_font_size=&#8221;33px&#8221; header_line_height=&#8221;1.2em&#8221; header_2_font=&#8221;Noto Serif||||||||&#8221; header_2_text_align=&#8221;left&#8221; header_2_text_color=&#8221;#000000&#8243; header_2_font_size=&#8221;34px&#8221; header_2_line_height=&#8221;1.2em&#8221; header_3_font=&#8221;Bellefair||||||||&#8221; header_3_text_color=&#8221;#000000&#8243; header_3_font_size=&#8221;38px&#8221; header_3_line_height=&#8221;1.2em&#8221; header_4_font=&#8221;Bellefair||||||||&#8221; header_4_text_color=&#8221;#000000&#8243; header_4_font_size=&#8221;30px&#8221; header_4_line_height=&#8221;1.4em&#8221; header_5_font=&#8221;Bellefair||||||||&#8221; header_5_text_color=&#8221;#000000&#8243; header_5_font_size=&#8221;22px&#8221; header_5_line_height=&#8221;1.2em&#8221; header_6_font=&#8221;Montserrat|700||on|||||&#8221; header_6_text_color=&#8221;#ff4e00&#8243; header_6_font_size=&#8221;12px&#8221; header_6_letter_spacing=&#8221;2px&#8221; header_6_line_height=&#8221;1.2em&#8221; min_height=&#8221;47.8px&#8221; custom_margin=&#8221;-3px|||||&#8221; header_font_size_tablet=&#8221;42px&#8221; header_font_size_phone=&#8221;34px&#8221; header_font_size_last_edited=&#8221;on|tablet&#8221; header_2_font_size_tablet=&#8221;42px&#8221; header_2_font_size_phone=&#8221;34px&#8221; header_2_font_size_last_edited=&#8221;on|tablet&#8221; header_3_font_size_tablet=&#8221;34px&#8221; header_3_font_size_phone=&#8221;28px&#8221; header_3_font_size_last_edited=&#8221;on|phone&#8221; header_4_font_size_tablet=&#8221;22px&#8221; header_4_font_size_phone=&#8221;18px&#8221; header_4_font_size_last_edited=&#8221;on|phone&#8221; header_5_font_size_tablet=&#8221;22px&#8221; header_5_font_size_phone=&#8221;16px&#8221; header_5_font_size_last_edited=&#8221;on|tablet&#8221; border_color_all=&#8221;#84b6f4&#8243; border_width_bottom=&#8221;4px&#8221; locked=&#8221;off&#8221; global_colors_info=&#8221;{}&#8221;]<\/p>\n<h2 style=\"text-align: center;\"><strong>TRAVEL SAFELY IN SPAIN<\/strong><\/h2>\n<p>[\/et_pb_text][et_pb_text _builder_version=&#8221;4.21.0&#8243; _module_preset=&#8221;default&#8221; text_font=&#8221;Noto Sans||||||||&#8221; text_font_size=&#8221;16px&#8221; min_height=&#8221;85.2px&#8221; custom_margin=&#8221;-15px||2px|||&#8221; custom_padding=&#8221;||0px|||&#8221; global_colors_info=&#8221;{}&#8221;]<\/p>\n<p style=\"text-align: justify;\">Remember that just for reading us and being part of this family, you get 5% on your travel insurance. We trust in <strong><a href=\"https:\/\/www.iatiseguros.com\/seguros-viaje\/21593\/seguro-viaje-iati-estandar?r=5239296668720\" target=\"_blank\" rel=\"noopener\">IATI Seguros<\/a><\/strong>, as they have one of the best prices on the market, very high coverage and, moreover, with <strong><a href=\"https:\/\/www.iatiseguros.com\/seguros-viaje\/21593\/seguro-viaje-iati-estandar?r=5239296668720\" target=\"_blank\" rel=\"noopener\">IATI Escapadas<\/a> <\/strong>you can include your pet in the insurance, which is essential for us.<\/p>\n<p>[\/et_pb_text][et_pb_image src=&#8221;http:\/\/viajandoconperro.com\/wp-content\/uploads\/2023\/07\/11_banner_-1110&#215;300-1.webp&#8221; alt=&#8221;seguros pet friendly&#8221; title_text=&#8221;11_banner_ 1110&#215;300&#8243; url=&#8221;https:\/\/www.iatiseguros.com\/seguros-viaje\/34012\/seguro-de-viaje-covid-19-coronavirus-iati-escapadas?r=52392966687202&#038;cmp=petfriendly&#8221; _builder_version=&#8221;4.21.0&#8243; _module_preset=&#8221;default&#8221; min_height=&#8221;283.9px&#8221; custom_margin=&#8221;30px|||||&#8221; locked=&#8221;off&#8221; global_colors_info=&#8221;{}&#8221;][\/et_pb_image][\/et_pb_column][\/et_pb_row][\/et_pb_section]<\/p>","protected":false},"excerpt":{"rendered":"<p>MURCIA CON PERROGU\u00cdA DE MURCIA CON PERRO: TODO LO QUE DEBES SABERSnow estuvo en 2021 en Murcia, cuando ten\u00eda solo 5 meses y yo pas\u00e9 largas temporadas en Murcia, as\u00ed que vais a tener mucho contenido \u00fatil. Aqu\u00ed encontrar\u00e1s TODO lo que necesitas saber de Murcia con perro: qu\u00e9 ver, d\u00f3nde dormir, d\u00f3nde comer, el [&hellip;]<\/p>","protected":false},"author":2,"featured_media":0,"parent":0,"menu_order":0,"comment_status":"closed","ping_status":"closed","template":"","meta":{"_et_pb_use_builder":"on","_et_pb_old_content":"","_et_gb_content_width":"","footnotes":""},"_links":{"self":[{"href":"https:\/\/viajandoconperro.com\/en\/wp-json\/wp\/v2\/pages\/3386"}],"collection":[{"href":"https:\/\/viajandoconperro.com\/en\/wp-json\/wp\/v2\/pages"}],"about":[{"href":"https:\/\/viajandoconperro.com\/en\/wp-json\/wp\/v2\/types\/page"}],"author":[{"embeddable":true,"href":"https:\/\/viajandoconperro.com\/en\/wp-json\/wp\/v2\/users\/2"}],"replies":[{"embeddable":true,"href":"https:\/\/viajandoconperro.com\/en\/wp-json\/wp\/v2\/comments?post=3386"}],"version-history":[{"count":15,"href":"https:\/\/viajandoconperro.com\/en\/wp-json\/wp\/v2\/pages\/3386\/revisions"}],"predecessor-version":[{"id":252267,"href":"https:\/\/viajandoconperro.com\/en\/wp-json\/wp\/v2\/pages\/3386\/revisions\/252267"}],"wp:attachment":[{"href":"https:\/\/viajandoconperro.com\/en\/wp-json\/wp\/v2\/media?parent=3386"}],"curies":[{"name":"wp","href":"https:\/\/api.w.org\/{rel}","templated":true}]}}