{"id":4289,"date":"2024-01-23T10:09:46","date_gmt":"2024-01-23T10:09:46","guid":{"rendered":"https:\/\/viajandoconperro.com\/?page_id=4289"},"modified":"2024-08-07T17:51:19","modified_gmt":"2024-08-07T16:51:19","slug":"aviso-legal","status":"publish","type":"page","link":"https:\/\/viajandoconperro.com\/en\/aviso-legal\/","title":{"rendered":"Disclaimer"},"content":{"rendered":"<p>[et_pb_section fb_built=&#8221;1&#8243; admin_label=&#8221;Header&#8221; _builder_version=&#8221;4.20.0&#8243; _module_preset=&#8221;default&#8221; use_background_color_gradient=&#8221;on&#8221; background_color_gradient_stops=&#8221;rgba(34,34,34,0) 0%|gcid-1f9b0bb3-481a-49f1-9fe6-999fc3c3182b 100%&#8221; background_color_gradient_overlays_image=&#8221;on&#8221; background_image=&#8221;http:\/\/viajandoconperro.com\/wp-content\/uploads\/2023\/05\/city-27.jpg&#8221; custom_padding=&#8221;90px||90px||true|false&#8221; locked=&#8221;off&#8221; collapsed=&#8221;on&#8221; global_colors_info=&#8221;{%22gcid-1f9b0bb3-481a-49f1-9fe6-999fc3c3182b%22:%91%22background_color_gradient_stops%22%93}&#8221;][et_pb_row _builder_version=&#8221;4.20.0&#8243; _module_preset=&#8221;default&#8221; global_colors_info=&#8221;{}&#8221;][et_pb_column type=&#8221;4_4&#8243; _builder_version=&#8221;4.20.0&#8243; _module_preset=&#8221;default&#8221; global_colors_info=&#8221;{}&#8221;][et_pb_text _builder_version=&#8221;4.21.0&#8243; _module_preset=&#8221;717fe1e6-b28d-4026-bced-193cb01f20ca&#8221; header_text_color=&#8221;#FFFFFF&#8221; text_orientation=&#8221;center&#8221; custom_margin=&#8221;||10px||false|false&#8221; global_colors_info=&#8221;{}&#8221;]<\/p>\n<h1>AVISO LEGAL<\/h1>\n<p><quillbot-extension-portal><\/quillbot-extension-portal><\/p>\n<p>[\/et_pb_text][\/et_pb_column][\/et_pb_row][\/et_pb_section][et_pb_section fb_built=&#8221;1&#8243; admin_label=&#8221;Blog&#8221; _builder_version=&#8221;4.20.0&#8243; _module_preset=&#8221;default&#8221; collapsed=&#8221;on&#8221; global_colors_info=&#8221;{}&#8221;][et_pb_row _builder_version=&#8221;4.20.0&#8243; _module_preset=&#8221;default&#8221; global_colors_info=&#8221;{}&#8221;][et_pb_column type=&#8221;4_4&#8243; _builder_version=&#8221;4.20.0&#8243; _module_preset=&#8221;default&#8221; global_colors_info=&#8221;{}&#8221;][et_pb_text _builder_version=&#8221;4.21.0&#8243; _module_preset=&#8221;default&#8221; text_font_size=&#8221;18px&#8221; text_line_height=&#8221;1.8em&#8221; global_colors_info=&#8221;{}&#8221;]<\/p>\n<h2>Aviso Legal de Viajando Con Perro<\/h2>\n<p>Este aviso legal establece las condiciones de uso del blog Viajando con perro, dedicado a experiencias de viaje con mascotas. Al acceder y utilizar este sitio web, aceptas cumplir con los t\u00e9rminos y condiciones aqu\u00ed expuestos. Si no est\u00e1s de acuerdo con alguna de estas disposiciones, te instamos a que no utilices este blog.<\/p>\n<p><strong>1. Contenido del Blog:<\/strong><br \/>El contenido proporcionado en el blog &#8220;Viajes con Patas&#8221; tiene fines informativos y de entretenimiento. La informaci\u00f3n sobre destinos, actividades y servicios pet friendly se basa en experiencias personales y puede cambiar con el tiempo. No nos hacemos responsables de posibles cambios en las pol\u00edticas de establecimientos o destinos.<\/p>\n<p><strong>2. Responsabilidad<\/strong>:<br \/>El blog no asume responsabilidad alguna por da\u00f1os o perjuicios derivados del uso de la informaci\u00f3n proporcionada. Los lectores son responsables de verificar la validez de la informaci\u00f3n antes de tomar decisiones basadas en la misma.<\/p>\n<p><strong>3. Enlaces a Terceros:<\/strong><br \/>El blog puede contener enlaces a sitios web de terceros. No nos hacemos responsables por el contenido o las pr\u00e1cticas de privacidad de estos sitios. Se recomienda revisar las pol\u00edticas de privacidad y t\u00e9rminos de uso de cualquier sitio web externo al que se acceda desde nuestro blog.<\/p>\n<p><strong>4. Comentarios de los Usuarios:<\/strong><br \/>Los comentarios publicados por los usuarios reflejan sus opiniones personales y no representan necesariamente la opini\u00f3n del blog. Nos reservamos el derecho de eliminar comentarios ofensivos, difamatorios o que violen las normas de uso establecidas.<\/p>\n<p><strong>5. Propiedad Intelectual:<\/strong><br \/>Todo el contenido del blog, incluyendo textos, im\u00e1genes y dise\u00f1o, est\u00e1 protegido por derechos de autor y otros derechos de propiedad intelectual. No est\u00e1 permitido el uso no autorizado de este contenido sin el consentimiento expreso del titular de los derechos.<\/p>\n<p><strong>6. Pol\u00edtica de Privacidad:<\/strong><br \/>La recopilaci\u00f3n y el uso de datos personales se rigen por nuestra pol\u00edtica de privacidad, la cual puedes consultar en [enlace a la pol\u00edtica de privacidad].<\/p>\n<p><strong>7. Modificaciones:<\/strong><br \/>Nos reservamos el derecho de modificar, agregar o eliminar partes de este aviso legal en cualquier momento. Se recomienda revisar esta p\u00e1gina peri\u00f3dicamente para estar al tanto de posibles actualizaciones.<\/p>\n<p>Al acceder y utilizar el blog Viajando con perro, aceptas estos t\u00e9rminos y condiciones. Si tienes alguna pregunta o inquietud, por favor cont\u00e1ctanos a trav\u00e9s de <strong>viajandoconperrocontacto@gmail.com<\/strong><\/p>\n<h2><strong>Ley aplicable y jurisdicci\u00f3n<\/strong><\/h2>\n<p>Con car\u00e1cter general, las relaciones entre comiviajeros.com y los usuarios de sus servicios telem\u00e1ticos, presentes en esta web, se encuentran sometidas a la legislaci\u00f3n y jurisdicci\u00f3n espa\u00f1olas y a los tribunales de Galicia.<\/p>\n<p>Fecha de \u00faltima actualizaci\u00f3n: 23\/01\/2024<\/p>\n<p>Nombre: Sara Santos<br \/>Direcci\u00f3n: Vigo, Pontevedra, Espa\u00f1a<br \/>Contacto: viajandoconperrocontacto@gmail.com<\/p>\n<p><quillbot-extension-portal><\/quillbot-extension-portal><\/p>\n<p>[\/et_pb_text][\/et_pb_column][\/et_pb_row][\/et_pb_section]<\/p>","protected":false},"excerpt":{"rendered":"<p>AVISO LEGAL Aviso Legal de Viajando Con Perro Este aviso legal establece las condiciones de uso del blog Viajando con perro, dedicado a experiencias de viaje con mascotas. Al acceder y utilizar este sitio web, aceptas cumplir con los t\u00e9rminos y condiciones aqu\u00ed expuestos. Si no est\u00e1s de acuerdo con alguna de estas disposiciones, te [&hellip;]<\/p>","protected":false},"author":2,"featured_media":0,"parent":0,"menu_order":0,"comment_status":"closed","ping_status":"closed","template":"","meta":{"_et_pb_use_builder":"on","_et_pb_old_content":"","_et_gb_content_width":"","footnotes":""},"_links":{"self":[{"href":"https:\/\/viajandoconperro.com\/en\/wp-json\/wp\/v2\/pages\/4289"}],"collection":[{"href":"https:\/\/viajandoconperro.com\/en\/wp-json\/wp\/v2\/pages"}],"about":[{"href":"https:\/\/viajandoconperro.com\/en\/wp-json\/wp\/v2\/types\/page"}],"author":[{"embeddable":true,"href":"https:\/\/viajandoconperro.com\/en\/wp-json\/wp\/v2\/users\/2"}],"replies":[{"embeddable":true,"href":"https:\/\/viajandoconperro.com\/en\/wp-json\/wp\/v2\/comments?post=4289"}],"version-history":[{"count":3,"href":"https:\/\/viajandoconperro.com\/en\/wp-json\/wp\/v2\/pages\/4289\/revisions"}],"predecessor-version":[{"id":6704,"href":"https:\/\/viajandoconperro.com\/en\/wp-json\/wp\/v2\/pages\/4289\/revisions\/6704"}],"wp:attachment":[{"href":"https:\/\/viajandoconperro.com\/en\/wp-json\/wp\/v2\/media?parent=4289"}],"curies":[{"name":"wp","href":"https:\/\/api.w.org\/{rel}","templated":true}]}}