{"id":4299,"date":"2024-01-23T11:02:12","date_gmt":"2024-01-23T11:02:12","guid":{"rendered":"https:\/\/viajandoconperro.com\/?page_id=4299"},"modified":"2024-01-23T11:05:06","modified_gmt":"2024-01-23T11:05:06","slug":"politica-de-cookies","status":"publish","type":"page","link":"https:\/\/viajandoconperro.com\/en\/politica-de-cookies\/","title":{"rendered":"Cookies policy"},"content":{"rendered":"<p>[et_pb_section fb_built=&#8221;1&#8243; admin_label=&#8221;Header&#8221; _builder_version=&#8221;4.20.0&#8243; _module_preset=&#8221;default&#8221; use_background_color_gradient=&#8221;on&#8221; background_color_gradient_stops=&#8221;rgba(34,34,34,0) 0%|gcid-1f9b0bb3-481a-49f1-9fe6-999fc3c3182b 100%&#8221; background_color_gradient_overlays_image=&#8221;on&#8221; background_image=&#8221;http:\/\/viajandoconperro.com\/wp-content\/uploads\/2023\/05\/city-27.jpg&#8221; custom_padding=&#8221;90px||90px||true|false&#8221; locked=&#8221;off&#8221; collapsed=&#8221;on&#8221; global_colors_info=&#8221;{%22gcid-1f9b0bb3-481a-49f1-9fe6-999fc3c3182b%22:%91%22background_color_gradient_stops%22%93}&#8221;][et_pb_row _builder_version=&#8221;4.20.0&#8243; _module_preset=&#8221;default&#8221; global_colors_info=&#8221;{}&#8221;][et_pb_column type=&#8221;4_4&#8243; _builder_version=&#8221;4.20.0&#8243; _module_preset=&#8221;default&#8221; global_colors_info=&#8221;{}&#8221;][et_pb_text _builder_version=&#8221;4.21.0&#8243; _module_preset=&#8221;717fe1e6-b28d-4026-bced-193cb01f20ca&#8221; header_text_color=&#8221;#FFFFFF&#8221; text_orientation=&#8221;center&#8221; custom_margin=&#8221;||10px||false|false&#8221; hover_enabled=&#8221;0&#8243; global_colors_info=&#8221;{}&#8221; sticky_enabled=&#8221;0&#8243;]<\/p>\n<h1>POL\u00cdTICA DE COOKIES<\/h1>\n<p><quillbot-extension-portal><\/quillbot-extension-portal><\/p>\n<p>[\/et_pb_text][\/et_pb_column][\/et_pb_row][\/et_pb_section][et_pb_section fb_built=&#8221;1&#8243; admin_label=&#8221;Blog&#8221; _builder_version=&#8221;4.20.0&#8243; _module_preset=&#8221;default&#8221; collapsed=&#8221;on&#8221; global_colors_info=&#8221;{}&#8221;][et_pb_row _builder_version=&#8221;4.20.0&#8243; _module_preset=&#8221;default&#8221; global_colors_info=&#8221;{}&#8221;][et_pb_column type=&#8221;4_4&#8243; _builder_version=&#8221;4.20.0&#8243; _module_preset=&#8221;default&#8221; global_colors_info=&#8221;{}&#8221;][et_pb_text _builder_version=&#8221;4.21.0&#8243; _module_preset=&#8221;default&#8221; text_font_size=&#8221;18px&#8221; text_line_height=&#8221;1.8em&#8221; hover_enabled=&#8221;0&#8243; global_colors_info=&#8221;{}&#8221; sticky_enabled=&#8221;0&#8243;]<\/p>\n<h2><strong>POL\u00cdTICA DE COOKIES &#8211; VIAJANDO CON PERRO<\/strong><\/h2>\n<p style=\"text-align: justify;\">Esta Pol\u00edtica de Cookies explica c\u00f3mo el blog &#8220;Viajando con Perro&#8221; utiliza cookies y tecnolog\u00edas similares para mejorar la experiencia del usuario. Al utilizar nuestro sitio web, aceptas el uso de cookies de acuerdo con esta pol\u00edtica.<\/p>\n<p><strong>1. \u00bfQu\u00e9 son las Cookies?<\/strong><br \/>Las cookies son peque\u00f1os archivos de texto que se almacenan en tu dispositivo cuando visitas un sitio web. Estos archivos contienen informaci\u00f3n que se utiliza para mejorar la experiencia del usuario, como recordar tus preferencias y proporcionar contenido personalizado.<\/p>\n<p><strong>2. Tipos de Cookies que Utilizamos:<\/strong><\/p>\n<p><strong>Cookies Esenciales<\/strong>: Son necesarias para el funcionamiento b\u00e1sico del sitio web y te permiten navegar y utilizar funciones esenciales, como acceder a \u00e1reas seguras.<\/p>\n<p><strong>Cookies de Rendimiento<\/strong>: Recopilan informaci\u00f3n sobre c\u00f3mo los visitantes utilizan el sitio web, como las p\u00e1ginas que m\u00e1s se visitan. Esta informaci\u00f3n se utiliza para mejorar el rendimiento del sitio.<\/p>\n<p><strong>Cookies de Funcionalidad<\/strong>: Permiten al sitio recordar tus preferencias y elecciones, como tu nombre de usuario, idioma o regi\u00f3n, para proporcionar una experiencia m\u00e1s personalizada.<\/p>\n<p><strong>Cookies de Publicidad<\/strong>: Se utilizan para mostrar anuncios relevantes para ti. Tambi\u00e9n limitan la cantidad de veces que ves un anuncio y ayudan a medir la efectividad de una campa\u00f1a publicitaria.<\/p>\n<p><strong>3. Control de Cookies<\/strong>:<br \/>Puedes gestionar las preferencias de cookies a trav\u00e9s de la configuraci\u00f3n de tu navegador. La mayor\u00eda de los navegadores te permiten bloquear o eliminar cookies, as\u00ed como configurar notificaciones antes de que se almacenen. Ten en cuenta que al desactivar ciertas cookies, es posible que algunas funciones del sitio no est\u00e9n disponibles.<\/p>\n<p><strong>4. Cookies de Terceros<\/strong>:<br \/>Este sitio web puede utilizar servicios de terceros que tambi\u00e9n pueden instalar cookies. Estos terceros incluyen plataformas de redes sociales, anunciantes y proveedores de servicios de an\u00e1lisis. La utilizaci\u00f3n de cookies por parte de terceros est\u00e1 sujeta a sus propias pol\u00edticas de privacidad y cookies.<\/p>\n<p><strong>5. Cambios en la Pol\u00edtica de Cookies<\/strong>:<br \/>Nos reservamos el derecho de realizar cambios en esta pol\u00edtica en cualquier momento. Los cambios entrar\u00e1n en vigencia tan pronto como se publiquen en el sitio web. Se recomienda revisar peri\u00f3dicamente esta pol\u00edtica para estar al tanto de posibles actualizaciones.<\/p>\n<p><strong>6. M\u00e1s Informaci\u00f3n<\/strong>:<br \/>Si tienes preguntas o necesitas m\u00e1s informaci\u00f3n sobre nuestra pol\u00edtica de cookies, por favor cont\u00e1ctanos a trav\u00e9s de <strong>viajandoconperrocontacto@gmail.com<\/strong><\/p>\n<p>Fecha de \u00faltima actualizaci\u00f3n: 23\/01\/2024<\/p>\n<p><quillbot-extension-portal><\/quillbot-extension-portal><\/p>\n<p>[\/et_pb_text][\/et_pb_column][\/et_pb_row][\/et_pb_section]<\/p>","protected":false},"excerpt":{"rendered":"<p>POL\u00cdTICA DE COOKIES POL\u00cdTICA DE COOKIES &#8211; VIAJANDO CON PERRO Esta Pol\u00edtica de Cookies explica c\u00f3mo el blog &#8220;Viajando con Perro&#8221; utiliza cookies y tecnolog\u00edas similares para mejorar la experiencia del usuario. Al utilizar nuestro sitio web, aceptas el uso de cookies de acuerdo con esta pol\u00edtica. 1. \u00bfQu\u00e9 son las Cookies?Las cookies son peque\u00f1os [&hellip;]<\/p>","protected":false},"author":2,"featured_media":0,"parent":0,"menu_order":0,"comment_status":"closed","ping_status":"closed","template":"","meta":{"_et_pb_use_builder":"on","_et_pb_old_content":"","_et_gb_content_width":"","footnotes":""},"_links":{"self":[{"href":"https:\/\/viajandoconperro.com\/en\/wp-json\/wp\/v2\/pages\/4299"}],"collection":[{"href":"https:\/\/viajandoconperro.com\/en\/wp-json\/wp\/v2\/pages"}],"about":[{"href":"https:\/\/viajandoconperro.com\/en\/wp-json\/wp\/v2\/types\/page"}],"author":[{"embeddable":true,"href":"https:\/\/viajandoconperro.com\/en\/wp-json\/wp\/v2\/users\/2"}],"replies":[{"embeddable":true,"href":"https:\/\/viajandoconperro.com\/en\/wp-json\/wp\/v2\/comments?post=4299"}],"version-history":[{"count":3,"href":"https:\/\/viajandoconperro.com\/en\/wp-json\/wp\/v2\/pages\/4299\/revisions"}],"predecessor-version":[{"id":4302,"href":"https:\/\/viajandoconperro.com\/en\/wp-json\/wp\/v2\/pages\/4299\/revisions\/4302"}],"wp:attachment":[{"href":"https:\/\/viajandoconperro.com\/en\/wp-json\/wp\/v2\/media?parent=4299"}],"curies":[{"name":"wp","href":"https:\/\/api.w.org\/{rel}","templated":true}]}}