{"id":5076,"date":"2024-04-15T11:29:47","date_gmt":"2024-04-15T10:29:47","guid":{"rendered":"https:\/\/viajandoconperro.com\/?page_id=5076"},"modified":"2025-10-25T09:53:09","modified_gmt":"2025-10-25T08:53:09","slug":"guia-de-francia-con-perro","status":"publish","type":"page","link":"https:\/\/viajandoconperro.com\/en\/guia-de-francia-con-perro\/","title":{"rendered":"FRANCE"},"content":{"rendered":"<p>[et_pb_section fb_built=&#8221;1&#8243; admin_label=&#8221;Header&#8221; _builder_version=&#8221;4.24.2&#8243; _module_preset=&#8221;default&#8221; use_background_color_gradient=&#8221;on&#8221; background_color_gradient_stops=&#8221;rgba(34,34,34,0) 0%|gcid-1f9b0bb3-481a-49f1-9fe6-999fc3c3182b 100%&#8221; background_color_gradient_overlays_image=&#8221;on&#8221; background_image=&#8221;http:\/\/viajandoconperro.com\/wp-content\/uploads\/2024\/04\/francia-2.webp&#8221; background_position=&#8221;top_center&#8221; custom_padding=&#8221;146px||146px||true|false&#8221; locked=&#8221;off&#8221; collapsed=&#8221;on&#8221; global_colors_info=&#8221;{%22gcid-1f9b0bb3-481a-49f1-9fe6-999fc3c3182b%22:%91%22background_color_gradient_stops%22%93}&#8221;][et_pb_row _builder_version=&#8221;4.20.0&#8243; _module_preset=&#8221;default&#8221; global_colors_info=&#8221;{}&#8221;][et_pb_column type=&#8221;4_4&#8243; _builder_version=&#8221;4.20.0&#8243; _module_preset=&#8221;default&#8221; global_colors_info=&#8221;{}&#8221;][et_pb_text _builder_version=&#8221;4.21.0&#8243; _module_preset=&#8221;717fe1e6-b28d-4026-bced-193cb01f20ca&#8221; header_font=&#8221;Noto Serif|700||on|||||&#8221; header_text_color=&#8221;#FFFFFF&#8221; text_orientation=&#8221;center&#8221; custom_margin=&#8221;||10px||false|false&#8221; global_colors_info=&#8221;{}&#8221;]<\/p>\n<h1>FRANCE WITH A DOG<\/h1>\n<p>[\/et_pb_text][\/et_pb_column][\/et_pb_row][\/et_pb_section][et_pb_section fb_built=&#8221;1&#8243; admin_label=&#8221;Blog&#8221; _builder_version=&#8221;4.20.0&#8243; _module_preset=&#8221;default&#8221; min_height=&#8221;1712px&#8221; custom_margin=&#8221;2px|||||&#8221; custom_padding=&#8221;51px|||||&#8221; collapsed=&#8221;on&#8221; global_colors_info=&#8221;{}&#8221;][et_pb_row _builder_version=&#8221;4.20.0&#8243; _module_preset=&#8221;default&#8221; custom_margin=&#8221;-24px|auto||auto||&#8221; global_colors_info=&#8221;{}&#8221;][et_pb_column type=&#8221;4_4&#8243; _builder_version=&#8221;4.20.0&#8243; _module_preset=&#8221;default&#8221; global_colors_info=&#8221;{}&#8221;][et_pb_text _builder_version=&#8221;4.24.2&#8243; _module_preset=&#8221;default&#8221; text_font_size=&#8221;23px&#8221; header_font=&#8221;Noto Serif||||||||&#8221; header_font_size=&#8221;36px&#8221; header_2_font=&#8221;Noto Serif|700|||||||&#8221; header_2_font_size=&#8221;35px&#8221; border_color_all=&#8221;#e02b20&#8243; border_width_bottom=&#8221;4px&#8221; global_colors_info=&#8221;{}&#8221;]<\/p>\n<h2 style=\"text-align: center;\"><strong>FRANCE WITH A DOG GUIDE: ALL YOU NEED TO KNOW<\/strong><\/h2>\n<p>[\/et_pb_text][et_pb_text _builder_version=&#8221;4.24.2&#8243; _module_preset=&#8221;default&#8221; text_font=&#8221;Noto Sans||||||||&#8221; text_font_size=&#8221;17px&#8221; custom_margin=&#8221;||29px|||&#8221; hover_enabled=&#8221;0&#8243; global_colors_info=&#8221;{}&#8221; sticky_enabled=&#8221;0&#8243;]<\/p>\n<p style=\"text-align: justify;\"><span style=\"color: #000000;\"><strong>France<\/strong>\u00a0<\/span>was one of the destinations we wanted to travel to with Snow, so, as it is a country close to Spain, it is likely that most of you want to visit it with their furry friend.<\/p>\n<p style=\"text-align: justify;\">Here you can find <span style=\"color: #000000;\"><strong>ALL<\/strong> <\/span>what you need to know about France: guides to different places, where to sleep, where to eat, how transport works, practical tips, etc.<\/p>\n<p style=\"text-align: justify;\">We've put all our love into making this guide, so if you like it or find it useful, we'd be delighted if you'd let us know by sending us a message on <a href=\"https:\/\/www.instagram.com\/viajandoconperro\/\" target=\"_blank\" rel=\"noopener\"><strong>Instagram.<\/strong><\/a><\/p>\n<p style=\"text-align: justify;\">Otros lugares que nos gustar\u00eda visitar de Francia con Snow son\u00a0el Monte <span style=\"color: #000000;\"><strong>Saint-Michel<\/strong><\/span> and the area of <span style=\"color: #000000;\"><strong>Normandie<\/strong><\/span>. <span>But as we always say, I'm running this project on my own, and with my salary I can't afford to travel much, so if you like the idea and the project I'm working on, <\/span>remember that you can help us by sending a <a href=\"https:\/\/ko-fi.com\/viajandoconperro\" target=\"_blank\" rel=\"noopener\"><strong>virtual treat<\/strong><\/a> , or booking any of the following activities using our affiliate links: <strong><a href=\"https:\/\/www.civitatis.com\/en\/?aid=102591\" target=\"_blank\" rel=\"noopener\">excursions<\/a><\/strong>, <a href=\"https:\/\/www.skyscanner.es\/?adgroupid=1027991&amp;associateid=AFF_TRA_19354_00001&amp;campaign_id=4347021&amp;click_timestamp=1694366908432&amp;irclickid=_nppyqt2ia9kfdzn3qocuxmistm2xbx0hqphumy3000&amp;irgwc=1&amp;previousCultureSource=GEO_LOCATION&amp;redirectedFrom=www.skyscanner.net&amp;utm_campaign=&amp;utm_content=OnlineTrackingLink&amp;utm_medium=affiliate&amp;utm_source=4347021-Viajandoconperro\" target=\"_blank\" rel=\"noopener\"><strong>flights<\/strong><\/a>, <a href=\"https:\/\/viajandoconperro.com\/en\/la-mejor-forma-de-guardar-tus-maletas\/\" target=\"_blank\" rel=\"noopener\"><strong>luggage storage<\/strong><\/a>, <strong><a href=\"https:\/\/www.iatiseguros.com\/seguros-viaje\/34012\/seguro-de-viaje-covid-19-coronavirus-iati-escapadas\/?r=52392966687202&amp;cmp=petfriendly\" target=\"_blank\" rel=\"noopener\">travel insurance<\/a><\/strong>, <a href=\"https:\/\/www.exactchange.es\/?IDO=CONPERRO\" target=\"_blank\" rel=\"noopener\"><strong>change money online<\/strong><\/a>, etc. You an also book one of our <strong><a href=\"https:\/\/viajandoconperro.com\/en\/servicios-viajando-con-perro\/\" target=\"_blank\" rel=\"noopener\">services<\/a>.<\/strong><\/p>\n<p><quillbot-extension-portal><\/quillbot-extension-portal><\/p>\n<p>[\/et_pb_text][et_pb_text _builder_version=&#8221;4.24.2&#8243; _module_preset=&#8221;default&#8221; text_font_size=&#8221;23px&#8221; header_font=&#8221;Noto Serif||||||||&#8221; header_font_size=&#8221;36px&#8221; border_width_bottom=&#8221;4px&#8221; border_color_bottom=&#8221;#e02b20&#8243; global_colors_info=&#8221;{}&#8221;]<\/p>\n<h1 style=\"text-align: center;\"><strong>POSTS OF FRANCE WITH A DOG + TIPS<\/strong><\/h1>\n<p>[\/et_pb_text][\/et_pb_column][\/et_pb_row][et_pb_row column_structure=&#8221;1_3,1_3,1_3&#8243; _builder_version=&#8221;4.21.0&#8243; custom_margin=&#8221;-35px|auto||auto||&#8221; custom_padding=&#8221;|||&#8221; global_colors_info=&#8221;{}&#8221;][et_pb_column type=&#8221;1_3&#8243; _builder_version=&#8221;4.16&#8243; use_background_color_gradient=&#8221;on&#8221; background_color_gradient_stops=&#8221;rgba(0,0,0,0) 60%|#000000 100%&#8221; background_color_gradient_start=&#8221;rgba(0,0,0,0)&#8221; background_color_gradient_start_position=&#8221;60%&#8221; background_color_gradient_end=&#8221;#000000&#8243; custom_padding=&#8221;|||&#8221; global_colors_info=&#8221;{}&#8221; custom_padding__hover=&#8221;|||&#8221;][et_pb_text admin_label=&#8221;Upcoming Trip&#8221; _builder_version=&#8221;4.24.2&#8243; text_font=&#8221;Noto Sans|700|||||||&#8221; text_font_size=&#8221;17px&#8221; link_font=&#8221;Noto Serif||||on|||#84b6f4|&#8221; link_text_color=&#8221;#ffffff&#8221; link_font_size=&#8221;30px&#8221; link_line_height=&#8221;1.5em&#8221; header_font=&#8221;||||||||&#8221; header_2_font=&#8221;||||||||&#8221; use_background_color_gradient=&#8221;on&#8221; background_color_gradient_stops=&#8221;rgba(0,0,0,0) 60%|#000000 100%&#8221; background_color_gradient_overlays_image=&#8221;on&#8221; background_color_gradient_start=&#8221;rgba(0,0,0,0)&#8221; background_color_gradient_start_position=&#8221;60%&#8221; background_color_gradient_end=&#8221;#000000&#8243; background_image=&#8221;http:\/\/viajandoconperro.com\/wp-content\/uploads\/2024\/04\/Hotel-du-Palais-Biarritz-P032-Hotel-Exterior.16&#215;9.webp&#8221; background_layout=&#8221;dark&#8221; custom_margin=&#8221;|||&#8221; custom_padding=&#8221;350px|25px|25px|25px&#8221; link_option_url=&#8221;https:\/\/viajandoconperro.com\/que-ver-en-biarritz-con-perro\/&#8221; link_option_url_new_window=&#8221;on&#8221; border_radii=&#8221;on|3px|3px|3px|3px&#8221; box_shadow_style=&#8221;preset1&#8243; box_shadow_vertical=&#8221;52px&#8221; box_shadow_blur=&#8221;80px&#8221; box_shadow_color=&#8221;rgba(0,36,73,0.07)&#8221; locked=&#8221;off&#8221; global_colors_info=&#8221;{}&#8221; background__hover_enabled=&#8221;on|desktop&#8221;]<\/p>\n<p style=\"text-align: center;\"><a href=\"https:\/\/viajandoconperro.com\/en\/que-ver-en-biarritz-con-perro\/\" target=\"_blank\" rel=\"noopener\">Biarritz<\/a><\/p>\n<p style=\"text-align: center;\">COMPREHENSIVE GUIDE TO BIARRITZ WITH A DOG<\/p>\n<p>[\/et_pb_text][\/et_pb_column][et_pb_column type=&#8221;1_3&#8243; _builder_version=&#8221;4.16&#8243; use_background_color_gradient=&#8221;on&#8221; background_color_gradient_stops=&#8221;rgba(0,0,0,0) 60%|#000000 100%&#8221; background_color_gradient_start=&#8221;rgba(0,0,0,0)&#8221; background_color_gradient_start_position=&#8221;60%&#8221; background_color_gradient_end=&#8221;#000000&#8243; custom_padding=&#8221;|||&#8221; global_colors_info=&#8221;{}&#8221; custom_padding__hover=&#8221;|||&#8221;][et_pb_text disabled_on=&#8221;off|off|off&#8221; admin_label=&#8221;Upcoming Trip&#8221; _builder_version=&#8221;4.24.2&#8243; text_font=&#8221;Noto Sans|700|||||||&#8221; text_font_size=&#8221;17px&#8221; link_font=&#8221;Noto Serif||||on|||#84b6f4|&#8221; link_text_color=&#8221;#ffffff&#8221; link_font_size=&#8221;30px&#8221; link_line_height=&#8221;1.5em&#8221; header_font=&#8221;||||||||&#8221; header_2_font=&#8221;||||||||&#8221; use_background_color_gradient=&#8221;on&#8221; background_color_gradient_stops=&#8221;rgba(0,0,0,0) 60%|#000000 100%&#8221; background_color_gradient_overlays_image=&#8221;on&#8221; background_color_gradient_start=&#8221;rgba(0,0,0,0)&#8221; background_color_gradient_start_position=&#8221;60%&#8221; background_color_gradient_end=&#8221;#000000&#8243; background_image=&#8221;http:\/\/viajandoconperro.com\/wp-content\/uploads\/2023\/06\/istockphoto-1152074312-612&#215;612-1.jpg&#8221; background_position=&#8221;bottom_center&#8221; background_layout=&#8221;dark&#8221; custom_margin=&#8221;|||&#8221; custom_padding=&#8221;350px|25px|25px|25px&#8221; link_option_url=&#8221;https:\/\/viajandoconperro.com\/guia-de-paris-con-perro\/&#8221; link_option_url_new_window=&#8221;on&#8221; border_radii=&#8221;on|3px|3px|3px|3px&#8221; box_shadow_style=&#8221;preset1&#8243; box_shadow_vertical=&#8221;52px&#8221; box_shadow_blur=&#8221;80px&#8221; box_shadow_color=&#8221;rgba(0,36,73,0.07)&#8221; global_colors_info=&#8221;{}&#8221; content__hover_enabled=&#8221;off|desktop&#8221; content__hover=&#8221;<\/p>\n<p style=\"%22text-align:\" center;%22><a href=\"\/en\/\"https:\/\/viajandoconperro.com\/los-5-mejores-tours-de-londres\/\"\/\" data-et-target-link=\"%22_blank%22\" rel=\"%22noopener%22\">Tours<\/a><\/p>\n<p style=\"%22text-align:\" center;%22>WHAT ARE THE BEST TOURS OF LONDON<\/p>\n<p>&#8221; background__hover_enabled=&#8221;on|desktop&#8221;]<\/p>\n<p style=\"text-align: center;\"><a href=\"https:\/\/viajandoconperro.com\/en\/guia-de-paris-con-perro\/\" target=\"_blank\" rel=\"noopener\">Paris<\/a><\/p>\n<p style=\"text-align: center;\">LA GU\u00cdA COMPLETA DE PAR\u00cdS CON PERRO<\/p>\n<p>[\/et_pb_text][\/et_pb_column][et_pb_column type=&#8221;1_3&#8243; _builder_version=&#8221;4.16&#8243; use_background_color_gradient=&#8221;on&#8221; background_color_gradient_stops=&#8221;rgba(0,0,0,0) 60%|#000000 100%&#8221; background_color_gradient_start=&#8221;rgba(0,0,0,0)&#8221; background_color_gradient_start_position=&#8221;60%&#8221; background_color_gradient_end=&#8221;#000000&#8243; custom_padding=&#8221;|||&#8221; global_colors_info=&#8221;{}&#8221; custom_padding__hover=&#8221;|||&#8221;][et_pb_text disabled_on=&#8221;on|on|on&#8221; admin_label=&#8221;Upcoming Trip&#8221; _builder_version=&#8221;4.24.2&#8243; text_font=&#8221;Noto Sans|700|||||||&#8221; text_font_size=&#8221;17px&#8221; link_font=&#8221;Noto Serif||||on|||#84b6f4|&#8221; link_text_color=&#8221;#ffffff&#8221; link_font_size=&#8221;30px&#8221; link_line_height=&#8221;1.5em&#8221; header_font=&#8221;||||||||&#8221; header_2_font=&#8221;||||||||&#8221; use_background_color_gradient=&#8221;on&#8221; background_color_gradient_stops=&#8221;rgba(0,0,0,0) 60%|#000000 100%&#8221; background_color_gradient_overlays_image=&#8221;on&#8221; background_color_gradient_start=&#8221;rgba(0,0,0,0)&#8221; background_color_gradient_start_position=&#8221;60%&#8221; background_color_gradient_end=&#8221;#000000&#8243; background_image=&#8221;http:\/\/viajandoconperro.com\/wp-content\/uploads\/2024\/03\/HRH-MAD-DELUXE-ROOM-1.webp&#8221; background_layout=&#8221;dark&#8221; custom_margin=&#8221;|||&#8221; custom_padding=&#8221;350px|25px|25px|25px&#8221; border_radii=&#8221;on|3px|3px|3px|3px&#8221; box_shadow_style=&#8221;preset1&#8243; box_shadow_vertical=&#8221;52px&#8221; box_shadow_blur=&#8221;80px&#8221; box_shadow_color=&#8221;rgba(0,36,73,0.07)&#8221; disabled=&#8221;on&#8221; global_colors_info=&#8221;{}&#8221;]<\/p>\n<p style=\"text-align: center;\"><a href=\"#top\">Hotels<\/a><\/p>\n<p style=\"text-align: center;\">MEJORES CADENAS PET FRIENDLY DE FRANCIA<\/p>\n<p>[\/et_pb_text][\/et_pb_column][\/et_pb_row][et_pb_row column_structure=&#8221;1_3,1_3,1_3&#8243; disabled_on=&#8221;on|on|on&#8221; _builder_version=&#8221;4.21.0&#8243; custom_margin=&#8221;-35px|auto||auto||&#8221; custom_padding=&#8221;|||&#8221; disabled=&#8221;on&#8221; global_colors_info=&#8221;{}&#8221;][et_pb_column type=&#8221;1_3&#8243; _builder_version=&#8221;4.16&#8243; use_background_color_gradient=&#8221;on&#8221; background_color_gradient_stops=&#8221;rgba(0,0,0,0) 60%|#000000 100%&#8221; background_color_gradient_start=&#8221;rgba(0,0,0,0)&#8221; background_color_gradient_start_position=&#8221;60%&#8221; background_color_gradient_end=&#8221;#000000&#8243; custom_padding=&#8221;|||&#8221; global_colors_info=&#8221;{}&#8221; custom_padding__hover=&#8221;|||&#8221;][et_pb_text admin_label=&#8221;Upcoming Trip&#8221; _builder_version=&#8221;4.21.0&#8243; text_font=&#8221;Noto Sans|700|||||||&#8221; text_font_size=&#8221;17px&#8221; link_font=&#8221;Noto Serif||||on|||#84b6f4|&#8221; link_text_color=&#8221;#ffffff&#8221; link_font_size=&#8221;30px&#8221; link_line_height=&#8221;1.5em&#8221; header_font=&#8221;||||||||&#8221; header_2_font=&#8221;||||||||&#8221; use_background_color_gradient=&#8221;on&#8221; background_color_gradient_stops=&#8221;rgba(0,0,0,0) 60%|#000000 100%&#8221; background_color_gradient_overlays_image=&#8221;on&#8221; background_color_gradient_start=&#8221;rgba(0,0,0,0)&#8221; background_color_gradient_start_position=&#8221;60%&#8221; background_color_gradient_end=&#8221;#000000&#8243; background_image=&#8221;http:\/\/viajandoconperro.com\/wp-content\/uploads\/2023\/11\/112657-1.webp&#8221; background_position=&#8221;bottom_center&#8221; background_layout=&#8221;dark&#8221; custom_margin=&#8221;|||&#8221; custom_padding=&#8221;350px|25px|25px|25px&#8221; link_option_url=&#8221;https:\/\/viajandoconperro.com\/mejores-hoteles-pet-friendly\/&#8221; link_option_url_new_window=&#8221;on&#8221; border_radii=&#8221;on|3px|3px|3px|3px&#8221; box_shadow_style=&#8221;preset1&#8243; box_shadow_vertical=&#8221;52px&#8221; box_shadow_blur=&#8221;80px&#8221; box_shadow_color=&#8221;rgba(0,36,73,0.07)&#8221; global_colors_info=&#8221;{}&#8221; background__hover_enabled=&#8221;on|desktop&#8221;]<\/p>\n<p style=\"text-align: center;\"><a href=\"https:\/\/viajandoconperro.com\/en\/mejores-hoteles-pet-friendly\/\" target=\"_blank\" rel=\"noopener\">Activities<\/a><\/p>\n<p style=\"text-align: center;\">MEJORES EXCURSIONES PARA HACER CON TU PERRO<\/p>\n<p>[\/et_pb_text][\/et_pb_column][et_pb_column type=&#8221;1_3&#8243; _builder_version=&#8221;4.16&#8243; use_background_color_gradient=&#8221;on&#8221; background_color_gradient_stops=&#8221;rgba(0,0,0,0) 60%|#000000 100%&#8221; background_color_gradient_start=&#8221;rgba(0,0,0,0)&#8221; background_color_gradient_start_position=&#8221;60%&#8221; background_color_gradient_end=&#8221;#000000&#8243; custom_padding=&#8221;|||&#8221; global_colors_info=&#8221;{}&#8221; custom_padding__hover=&#8221;|||&#8221;][et_pb_text disabled_on=&#8221;on|on|on&#8221; admin_label=&#8221;Upcoming Trip&#8221; _builder_version=&#8221;4.21.0&#8243; text_font=&#8221;Noto Sans|700|||||||&#8221; text_font_size=&#8221;17px&#8221; link_font=&#8221;Noto Serif||||on|||#84b6f4|&#8221; link_text_color=&#8221;#ffffff&#8221; link_font_size=&#8221;30px&#8221; link_line_height=&#8221;1.5em&#8221; header_font=&#8221;||||||||&#8221; header_2_font=&#8221;||||||||&#8221; use_background_color_gradient=&#8221;on&#8221; background_color_gradient_stops=&#8221;rgba(0,0,0,0) 60%|#000000 100%&#8221; background_color_gradient_overlays_image=&#8221;on&#8221; background_color_gradient_start=&#8221;rgba(0,0,0,0)&#8221; background_color_gradient_start_position=&#8221;60%&#8221; background_color_gradient_end=&#8221;#000000&#8243; background_image=&#8221;http:\/\/viajandoconperro.com\/wp-content\/uploads\/2023\/07\/IMG_0359-1-scaled.webp&#8221; background_position=&#8221;top_center&#8221; background_layout=&#8221;dark&#8221; custom_margin=&#8221;|||&#8221; custom_padding=&#8221;350px|25px|25px|25px&#8221; border_radii=&#8221;on|3px|3px|3px|3px&#8221; box_shadow_style=&#8221;preset1&#8243; box_shadow_vertical=&#8221;52px&#8221; box_shadow_blur=&#8221;80px&#8221; box_shadow_color=&#8221;rgba(0,36,73,0.07)&#8221; disabled=&#8221;on&#8221; global_colors_info=&#8221;{}&#8221;]<\/p>\n<p style=\"text-align: center;\"><a href=\"#top\">Viewpoints<\/a><\/p>\n<p style=\"text-align: center;\">WHICH IS BETTER, PRICES AND USEFUL TIPS<\/p>\n<p>[\/et_pb_text][\/et_pb_column][et_pb_column type=&#8221;1_3&#8243; _builder_version=&#8221;4.16&#8243; use_background_color_gradient=&#8221;on&#8221; background_color_gradient_stops=&#8221;rgba(0,0,0,0) 60%|#000000 100%&#8221; background_color_gradient_start=&#8221;rgba(0,0,0,0)&#8221; background_color_gradient_start_position=&#8221;60%&#8221; background_color_gradient_end=&#8221;#000000&#8243; custom_padding=&#8221;|||&#8221; global_colors_info=&#8221;{}&#8221; custom_padding__hover=&#8221;|||&#8221;][et_pb_text disabled_on=&#8221;on|on|on&#8221; admin_label=&#8221;Upcoming Trip&#8221; _builder_version=&#8221;4.21.0&#8243; text_font=&#8221;Noto Sans|700|||||||&#8221; text_font_size=&#8221;17px&#8221; link_font=&#8221;Noto Serif||||on|||#84b6f4|&#8221; link_text_color=&#8221;#ffffff&#8221; link_font_size=&#8221;30px&#8221; link_line_height=&#8221;1.5em&#8221; header_font=&#8221;||||||||&#8221; header_2_font=&#8221;||||||||&#8221; use_background_color_gradient=&#8221;on&#8221; background_color_gradient_stops=&#8221;rgba(0,0,0,0) 60%|#000000 100%&#8221; background_color_gradient_overlays_image=&#8221;on&#8221; background_color_gradient_start=&#8221;rgba(0,0,0,0)&#8221; background_color_gradient_start_position=&#8221;60%&#8221; background_color_gradient_end=&#8221;#000000&#8243; background_image=&#8221;http:\/\/viajandoconperro.com\/wp-content\/uploads\/2023\/11\/FC4O6ORP3NMZVFLAQQZEIBHETM-1.webp&#8221; background_position=&#8221;top_center&#8221; background_layout=&#8221;dark&#8221; custom_margin=&#8221;|||&#8221; custom_padding=&#8221;350px|25px|25px|25px&#8221; border_radii=&#8221;on|3px|3px|3px|3px&#8221; box_shadow_style=&#8221;preset1&#8243; box_shadow_vertical=&#8221;52px&#8221; box_shadow_blur=&#8221;80px&#8221; box_shadow_color=&#8221;rgba(0,36,73,0.07)&#8221; disabled=&#8221;on&#8221; global_colors_info=&#8221;{}&#8221;]<\/p>\n<p style=\"text-align: center;\"><a href=\"#top\">Transport<\/a><\/p>\n<p style=\"text-align: center;\">C\u00d3MO MOVERSE POR MADRID CON TU PERRO<\/p>\n<p>[\/et_pb_text][\/et_pb_column][\/et_pb_row][et_pb_row _builder_version=&#8221;4.21.0&#8243; _module_preset=&#8221;default&#8221; global_colors_info=&#8221;{}&#8221;][et_pb_column type=&#8221;4_4&#8243; _builder_version=&#8221;4.21.0&#8243; _module_preset=&#8221;default&#8221; global_colors_info=&#8221;{}&#8221;][et_pb_text _builder_version=&#8221;4.24.2&#8243; _module_preset=&#8221;default&#8221; text_font=&#8221;Noto Serif||||||||&#8221; header_font=&#8221;Noto Serif||||||||&#8221; header_text_color=&#8221;#000000&#8243; header_font_size=&#8221;33px&#8221; header_line_height=&#8221;1.2em&#8221; header_2_font=&#8221;Noto Serif||||||||&#8221; header_2_text_align=&#8221;left&#8221; header_2_text_color=&#8221;#000000&#8243; header_2_font_size=&#8221;34px&#8221; header_2_line_height=&#8221;1.2em&#8221; header_3_font=&#8221;Bellefair||||||||&#8221; header_3_text_color=&#8221;#000000&#8243; header_3_font_size=&#8221;38px&#8221; header_3_line_height=&#8221;1.2em&#8221; header_4_font=&#8221;Bellefair||||||||&#8221; header_4_text_color=&#8221;#000000&#8243; header_4_font_size=&#8221;30px&#8221; header_4_line_height=&#8221;1.4em&#8221; header_5_font=&#8221;Bellefair||||||||&#8221; header_5_text_color=&#8221;#000000&#8243; header_5_font_size=&#8221;22px&#8221; header_5_line_height=&#8221;1.2em&#8221; header_6_font=&#8221;Montserrat|700||on|||||&#8221; header_6_text_color=&#8221;#ff4e00&#8243; header_6_font_size=&#8221;12px&#8221; header_6_letter_spacing=&#8221;2px&#8221; header_6_line_height=&#8221;1.2em&#8221; min_height=&#8221;47.8px&#8221; custom_margin=&#8221;-3px|||||&#8221; header_font_size_tablet=&#8221;42px&#8221; header_font_size_phone=&#8221;34px&#8221; header_font_size_last_edited=&#8221;on|tablet&#8221; header_2_font_size_tablet=&#8221;42px&#8221; header_2_font_size_phone=&#8221;34px&#8221; header_2_font_size_last_edited=&#8221;on|tablet&#8221; header_3_font_size_tablet=&#8221;34px&#8221; header_3_font_size_phone=&#8221;28px&#8221; header_3_font_size_last_edited=&#8221;on|phone&#8221; header_4_font_size_tablet=&#8221;22px&#8221; header_4_font_size_phone=&#8221;18px&#8221; header_4_font_size_last_edited=&#8221;on|phone&#8221; header_5_font_size_tablet=&#8221;22px&#8221; header_5_font_size_phone=&#8221;16px&#8221; header_5_font_size_last_edited=&#8221;on|tablet&#8221; border_color_all=&#8221;#84b6f4&#8243; border_width_bottom=&#8221;4px&#8221; locked=&#8221;off&#8221; global_colors_info=&#8221;{}&#8221;]<\/p>\n<h2 style=\"text-align: center;\"><strong>TRAVEL SAFELY AROUND FRANCE<\/strong><\/h2>\n<p>[\/et_pb_text][et_pb_text _builder_version=&#8221;4.21.0&#8243; _module_preset=&#8221;default&#8221; text_font=&#8221;Noto Sans||||||||&#8221; text_font_size=&#8221;16px&#8221; min_height=&#8221;85.2px&#8221; custom_margin=&#8221;-15px||2px|||&#8221; custom_padding=&#8221;||0px|||&#8221; global_colors_info=&#8221;{}&#8221;]<\/p>\n<p style=\"text-align: justify;\">Remember that just for reading us and being part of this family, you get 5% on your travel insurance. We trust in <strong><a href=\"https:\/\/www.iatiseguros.com\/seguros-viaje\/21593\/seguro-viaje-iati-estandar?r=5239296668720\" target=\"_blank\" rel=\"noopener\">IATI Seguros<\/a><\/strong>, as they have one of the best prices on the market, very high coverage and, moreover, with <strong><a href=\"https:\/\/www.iatiseguros.com\/seguros-viaje\/21593\/seguro-viaje-iati-estandar?r=5239296668720\" target=\"_blank\" rel=\"noopener\">IATI Escapadas<\/a> <\/strong>you can include your pet in the insurance, which is essential for us.<\/p>\n<p>[\/et_pb_text][et_pb_image src=&#8221;http:\/\/viajandoconperro.com\/wp-content\/uploads\/2023\/07\/11_banner_-1110&#215;300-1.webp&#8221; alt=&#8221;seguros pet friendly&#8221; title_text=&#8221;11_banner_ 1110&#215;300&#8243; url=&#8221;https:\/\/www.iatiseguros.com\/seguros-viaje\/34012\/seguro-de-viaje-covid-19-coronavirus-iati-escapadas?r=52392966687202&#038;cmp=petfriendly&#8221; _builder_version=&#8221;4.21.0&#8243; _module_preset=&#8221;default&#8221; min_height=&#8221;283.9px&#8221; custom_margin=&#8221;30px|||||&#8221; locked=&#8221;off&#8221; global_colors_info=&#8221;{}&#8221;][\/et_pb_image][\/et_pb_column][\/et_pb_row][\/et_pb_section]<\/p>","protected":false},"excerpt":{"rendered":"<p>FRANCIA CON PERROGU\u00cdA DE FRANCIA CON PERRO: TODO LO QUE DEBES SABERFrancia\u00a0era uno de los destinos que nos apetec\u00eda much\u00edsimo visitar con Snow, ya que, al ser un pa\u00eds vecino, es muy probable que m\u00e1s de uno quiera visitarlo con su peludo. Aqu\u00ed encontrar\u00e1s TODO lo que necesitas saber de Francia: gu\u00edas de diferentes sitios, [&hellip;]<\/p>","protected":false},"author":2,"featured_media":0,"parent":0,"menu_order":0,"comment_status":"closed","ping_status":"closed","template":"","meta":{"_et_pb_use_builder":"on","_et_pb_old_content":"","_et_gb_content_width":"","footnotes":""},"_links":{"self":[{"href":"https:\/\/viajandoconperro.com\/en\/wp-json\/wp\/v2\/pages\/5076"}],"collection":[{"href":"https:\/\/viajandoconperro.com\/en\/wp-json\/wp\/v2\/pages"}],"about":[{"href":"https:\/\/viajandoconperro.com\/en\/wp-json\/wp\/v2\/types\/page"}],"author":[{"embeddable":true,"href":"https:\/\/viajandoconperro.com\/en\/wp-json\/wp\/v2\/users\/2"}],"replies":[{"embeddable":true,"href":"https:\/\/viajandoconperro.com\/en\/wp-json\/wp\/v2\/comments?post=5076"}],"version-history":[{"count":16,"href":"https:\/\/viajandoconperro.com\/en\/wp-json\/wp\/v2\/pages\/5076\/revisions"}],"predecessor-version":[{"id":251764,"href":"https:\/\/viajandoconperro.com\/en\/wp-json\/wp\/v2\/pages\/5076\/revisions\/251764"}],"wp:attachment":[{"href":"https:\/\/viajandoconperro.com\/en\/wp-json\/wp\/v2\/media?parent=5076"}],"curies":[{"name":"wp","href":"https:\/\/api.w.org\/{rel}","templated":true}]}}